{"id":25,"date":"2021-09-06T17:56:22","date_gmt":"2021-09-06T17:56:22","guid":{"rendered":"https:\/\/portuaria.gob.do\/transparenza\/?page_id=25"},"modified":"2023-05-04T18:46:00","modified_gmt":"2023-05-04T18:46:00","slug":"oficina-de-libre-acceso-a-la-informacion","status":"publish","type":"page","link":"https:\/\/portuaria.gob.do\/transparencia\/oficina-de-libre-acceso-a-la-informacion\/","title":{"rendered":"Oficina de Libre Acceso a la Informaci\u00f3n"},"content":{"rendered":"\t\t<div data-elementor-type=\"wp-page\" data-elementor-id=\"25\" class=\"elementor elementor-25\">\n\t\t\t\t\t\t<section class=\"elementor-section elementor-top-section elementor-element elementor-element-122c280a elementor-hidden-desktop elementor-hidden-tablet elementor-hidden-phone elementor-section-boxed elementor-section-height-default elementor-section-height-default\" data-id=\"122c280a\" data-element_type=\"section\" data-e-type=\"section\">\n\t\t\t\t\t\t<div class=\"elementor-container elementor-column-gap-default\">\n\t\t\t\t\t<div class=\"elementor-column elementor-col-50 elementor-top-column elementor-element elementor-element-231b7523\" data-id=\"231b7523\" data-element_type=\"column\" data-e-type=\"column\">\n\t\t\t<div class=\"elementor-widget-wrap elementor-element-populated\">\n\t\t\t\t\t\t<div class=\"elementor-element elementor-element-604bcdbd elementor-position-inline-start elementor-view-default elementor-mobile-position-block-start elementor-widget elementor-widget-icon-box\" data-id=\"604bcdbd\" data-element_type=\"widget\" data-e-type=\"widget\" data-widget_type=\"icon-box.default\">\n\t\t\t\t<div class=\"elementor-widget-container\">\n\t\t\t\t\t\t\t<div class=\"elementor-icon-box-wrapper\">\n\n\t\t\t\t\t\t<div class=\"elementor-icon-box-icon\">\n\t\t\t\t<a href=\"https:\/\/portuaria.gob.do\/transparencia\/oficina-de-libre-acceso-a-la-informacion\/derechos-de-los-ciudadanos\/\" class=\"elementor-icon\" tabindex=\"-1\" aria-label=\"Derechos de los ciudadanos\">\n\t\t\t\t<i aria-hidden=\"true\" class=\"fas fa-folder-open\"><\/i>\t\t\t\t<\/a>\n\t\t\t<\/div>\n\t\t\t\n\t\t\t\t\t\t<div class=\"elementor-icon-box-content\">\n\n\t\t\t\t\t\t\t\t\t<h4 class=\"elementor-icon-box-title\">\n\t\t\t\t\t\t<a href=\"https:\/\/portuaria.gob.do\/transparencia\/oficina-de-libre-acceso-a-la-informacion\/derechos-de-los-ciudadanos\/\" >\n\t\t\t\t\t\t\tDerechos de los ciudadanos\t\t\t\t\t\t<\/a>\n\t\t\t\t\t<\/h4>\n\t\t\t\t\n\t\t\t\t\n\t\t\t<\/div>\n\t\t\t\n\t\t<\/div>\n\t\t\t\t\t\t<\/div>\n\t\t\t\t<\/div>\n\t\t\t\t\t<\/div>\n\t\t<\/div>\n\t\t\t\t<div class=\"elementor-column elementor-col-50 elementor-top-column elementor-element elementor-element-19064e08\" data-id=\"19064e08\" data-element_type=\"column\" data-e-type=\"column\">\n\t\t\t<div class=\"elementor-widget-wrap elementor-element-populated\">\n\t\t\t\t\t\t<div class=\"elementor-element elementor-element-3871667e elementor-position-inline-start elementor-view-default elementor-mobile-position-block-start elementor-widget elementor-widget-icon-box\" data-id=\"3871667e\" data-element_type=\"widget\" data-e-type=\"widget\" data-widget_type=\"icon-box.default\">\n\t\t\t\t<div class=\"elementor-widget-container\">\n\t\t\t\t\t\t\t<div class=\"elementor-icon-box-wrapper\">\n\n\t\t\t\t\t\t<div class=\"elementor-icon-box-icon\">\n\t\t\t\t<a href=\"https:\/\/portuaria.gob.do\/transparencia\/oficina-de-libre-acceso-a-la-informacion\/estructura-organizacional-de-la-oai\/\" class=\"elementor-icon\" tabindex=\"-1\" aria-label=\"Estructura Organizacional de la OAI\">\n\t\t\t\t<i aria-hidden=\"true\" class=\"fas fa-folder-open\"><\/i>\t\t\t\t<\/a>\n\t\t\t<\/div>\n\t\t\t\n\t\t\t\t\t\t<div class=\"elementor-icon-box-content\">\n\n\t\t\t\t\t\t\t\t\t<h4 class=\"elementor-icon-box-title\">\n\t\t\t\t\t\t<a href=\"https:\/\/portuaria.gob.do\/transparencia\/oficina-de-libre-acceso-a-la-informacion\/estructura-organizacional-de-la-oai\/\" >\n\t\t\t\t\t\t\tEstructura Organizacional de la OAI\t\t\t\t\t\t<\/a>\n\t\t\t\t\t<\/h4>\n\t\t\t\t\n\t\t\t\t\n\t\t\t<\/div>\n\t\t\t\n\t\t<\/div>\n\t\t\t\t\t\t<\/div>\n\t\t\t\t<\/div>\n\t\t\t\t\t<\/div>\n\t\t<\/div>\n\t\t\t\t\t<\/div>\n\t\t<\/section>\n\t\t\t\t<section class=\"elementor-section elementor-top-section elementor-element elementor-element-2e2d487a elementor-hidden-desktop elementor-hidden-tablet elementor-hidden-phone elementor-section-boxed elementor-section-height-default elementor-section-height-default\" data-id=\"2e2d487a\" data-element_type=\"section\" data-e-type=\"section\">\n\t\t\t\t\t\t<div class=\"elementor-container elementor-column-gap-default\">\n\t\t\t\t\t<div class=\"elementor-column elementor-col-50 elementor-top-column elementor-element elementor-element-177a2515\" data-id=\"177a2515\" data-element_type=\"column\" data-e-type=\"column\">\n\t\t\t<div class=\"elementor-widget-wrap elementor-element-populated\">\n\t\t\t\t\t\t<div class=\"elementor-element elementor-element-38d2250a elementor-position-inline-start elementor-view-default elementor-mobile-position-block-start elementor-widget elementor-widget-icon-box\" data-id=\"38d2250a\" data-element_type=\"widget\" data-e-type=\"widget\" data-widget_type=\"icon-box.default\">\n\t\t\t\t<div class=\"elementor-widget-container\">\n\t\t\t\t\t\t\t<div class=\"elementor-icon-box-wrapper\">\n\n\t\t\t\t\t\t<div class=\"elementor-icon-box-icon\">\n\t\t\t\t<a href=\"https:\/\/portuaria.gob.do\/transparencia\/oficina-de-libre-acceso-a-la-informacion\/manual-de-organizacion-de-la-oai\/\" class=\"elementor-icon\" tabindex=\"-1\" aria-label=\"Manual de organizaci\u00f3n de la OAI\">\n\t\t\t\t<i aria-hidden=\"true\" class=\"fas fa-folder-open\"><\/i>\t\t\t\t<\/a>\n\t\t\t<\/div>\n\t\t\t\n\t\t\t\t\t\t<div class=\"elementor-icon-box-content\">\n\n\t\t\t\t\t\t\t\t\t<h4 class=\"elementor-icon-box-title\">\n\t\t\t\t\t\t<a href=\"https:\/\/portuaria.gob.do\/transparencia\/oficina-de-libre-acceso-a-la-informacion\/manual-de-organizacion-de-la-oai\/\" >\n\t\t\t\t\t\t\tManual de organizaci\u00f3n de la OAI\t\t\t\t\t\t<\/a>\n\t\t\t\t\t<\/h4>\n\t\t\t\t\n\t\t\t\t\n\t\t\t<\/div>\n\t\t\t\n\t\t<\/div>\n\t\t\t\t\t\t<\/div>\n\t\t\t\t<\/div>\n\t\t\t\t\t<\/div>\n\t\t<\/div>\n\t\t\t\t<div class=\"elementor-column elementor-col-50 elementor-top-column elementor-element elementor-element-473c62cf\" data-id=\"473c62cf\" data-element_type=\"column\" data-e-type=\"column\">\n\t\t\t<div class=\"elementor-widget-wrap elementor-element-populated\">\n\t\t\t\t\t\t<div class=\"elementor-element elementor-element-6eb00404 elementor-position-inline-start elementor-view-default elementor-mobile-position-block-start elementor-widget elementor-widget-icon-box\" data-id=\"6eb00404\" data-element_type=\"widget\" data-e-type=\"widget\" data-widget_type=\"icon-box.default\">\n\t\t\t\t<div class=\"elementor-widget-container\">\n\t\t\t\t\t\t\t<div class=\"elementor-icon-box-wrapper\">\n\n\t\t\t\t\t\t<div class=\"elementor-icon-box-icon\">\n\t\t\t\t<a href=\"https:\/\/portuaria.gob.do\/transparencia\/oficina-de-libre-acceso-a-la-informacion\/manual-de-procedimiento-de-la-oai\/\" class=\"elementor-icon\" tabindex=\"-1\" aria-label=\"Manual de procedimiento de la OAI\">\n\t\t\t\t<i aria-hidden=\"true\" class=\"fas fa-folder-open\"><\/i>\t\t\t\t<\/a>\n\t\t\t<\/div>\n\t\t\t\n\t\t\t\t\t\t<div class=\"elementor-icon-box-content\">\n\n\t\t\t\t\t\t\t\t\t<h4 class=\"elementor-icon-box-title\">\n\t\t\t\t\t\t<a href=\"https:\/\/portuaria.gob.do\/transparencia\/oficina-de-libre-acceso-a-la-informacion\/manual-de-procedimiento-de-la-oai\/\" >\n\t\t\t\t\t\t\tManual de procedimiento de la OAI\t\t\t\t\t\t<\/a>\n\t\t\t\t\t<\/h4>\n\t\t\t\t\n\t\t\t\t\n\t\t\t<\/div>\n\t\t\t\n\t\t<\/div>\n\t\t\t\t\t\t<\/div>\n\t\t\t\t<\/div>\n\t\t\t\t\t<\/div>\n\t\t<\/div>\n\t\t\t\t\t<\/div>\n\t\t<\/section>\n\t\t\t\t<section class=\"elementor-section elementor-top-section elementor-element elementor-element-4de402e4 elementor-hidden-desktop elementor-hidden-tablet elementor-hidden-phone elementor-section-boxed elementor-section-height-default elementor-section-height-default\" data-id=\"4de402e4\" data-element_type=\"section\" data-e-type=\"section\">\n\t\t\t\t\t\t<div class=\"elementor-container elementor-column-gap-default\">\n\t\t\t\t\t<div class=\"elementor-column elementor-col-50 elementor-top-column elementor-element elementor-element-709b7d11\" data-id=\"709b7d11\" data-element_type=\"column\" data-e-type=\"column\">\n\t\t\t<div class=\"elementor-widget-wrap elementor-element-populated\">\n\t\t\t\t\t\t<div class=\"elementor-element elementor-element-4b603c6e elementor-position-inline-start elementor-view-default elementor-mobile-position-block-start elementor-widget elementor-widget-icon-box\" data-id=\"4b603c6e\" data-element_type=\"widget\" data-e-type=\"widget\" data-widget_type=\"icon-box.default\">\n\t\t\t\t<div class=\"elementor-widget-container\">\n\t\t\t\t\t\t\t<div class=\"elementor-icon-box-wrapper\">\n\n\t\t\t\t\t\t<div class=\"elementor-icon-box-icon\">\n\t\t\t\t<a href=\"https:\/\/portuaria.gob.do\/transparencia\/oficina-de-libre-acceso-a-la-informacion\/estadisticas-y-balances-de-la-gestion-oai\/\" class=\"elementor-icon\" tabindex=\"-1\" aria-label=\"Estad\u00edsticas y balance de la gesti\u00f3n OAI\">\n\t\t\t\t<i aria-hidden=\"true\" class=\"fas fa-folder-open\"><\/i>\t\t\t\t<\/a>\n\t\t\t<\/div>\n\t\t\t\n\t\t\t\t\t\t<div class=\"elementor-icon-box-content\">\n\n\t\t\t\t\t\t\t\t\t<h4 class=\"elementor-icon-box-title\">\n\t\t\t\t\t\t<a href=\"https:\/\/portuaria.gob.do\/transparencia\/oficina-de-libre-acceso-a-la-informacion\/estadisticas-y-balances-de-la-gestion-oai\/\" >\n\t\t\t\t\t\t\tEstad\u00edsticas y balance de la gesti\u00f3n OAI\t\t\t\t\t\t<\/a>\n\t\t\t\t\t<\/h4>\n\t\t\t\t\n\t\t\t\t\n\t\t\t<\/div>\n\t\t\t\n\t\t<\/div>\n\t\t\t\t\t\t<\/div>\n\t\t\t\t<\/div>\n\t\t\t\t\t<\/div>\n\t\t<\/div>\n\t\t\t\t<div class=\"elementor-column elementor-col-50 elementor-top-column elementor-element elementor-element-f93a2e4\" data-id=\"f93a2e4\" data-element_type=\"column\" data-e-type=\"column\">\n\t\t\t<div class=\"elementor-widget-wrap elementor-element-populated\">\n\t\t\t\t\t\t<div class=\"elementor-element elementor-element-7a5cb0d0 elementor-position-inline-start elementor-view-default elementor-mobile-position-block-start elementor-widget elementor-widget-icon-box\" data-id=\"7a5cb0d0\" data-element_type=\"widget\" data-e-type=\"widget\" data-widget_type=\"icon-box.default\">\n\t\t\t\t<div class=\"elementor-widget-container\">\n\t\t\t\t\t\t\t<div class=\"elementor-icon-box-wrapper\">\n\n\t\t\t\t\t\t<div class=\"elementor-icon-box-icon\">\n\t\t\t\t<a href=\"https:\/\/portuaria.gob.do\/transparencia\/oficina-de-libre-acceso-a-la-informacion\/contactos-del-rai\/\" class=\"elementor-icon\" tabindex=\"-1\" aria-label=\"Contactos del RAI\">\n\t\t\t\t<i aria-hidden=\"true\" class=\"fas fa-folder-open\"><\/i>\t\t\t\t<\/a>\n\t\t\t<\/div>\n\t\t\t\n\t\t\t\t\t\t<div class=\"elementor-icon-box-content\">\n\n\t\t\t\t\t\t\t\t\t<h4 class=\"elementor-icon-box-title\">\n\t\t\t\t\t\t<a href=\"https:\/\/portuaria.gob.do\/transparencia\/oficina-de-libre-acceso-a-la-informacion\/contactos-del-rai\/\" >\n\t\t\t\t\t\t\tContactos del RAI\t\t\t\t\t\t<\/a>\n\t\t\t\t\t<\/h4>\n\t\t\t\t\n\t\t\t\t\n\t\t\t<\/div>\n\t\t\t\n\t\t<\/div>\n\t\t\t\t\t\t<\/div>\n\t\t\t\t<\/div>\n\t\t\t\t\t<\/div>\n\t\t<\/div>\n\t\t\t\t\t<\/div>\n\t\t<\/section>\n\t\t\t\t<section class=\"elementor-section elementor-top-section elementor-element elementor-element-6394b7 elementor-hidden-desktop elementor-hidden-tablet elementor-hidden-phone elementor-section-boxed elementor-section-height-default elementor-section-height-default\" data-id=\"6394b7\" data-element_type=\"section\" data-e-type=\"section\">\n\t\t\t\t\t\t<div class=\"elementor-container elementor-column-gap-default\">\n\t\t\t\t\t<div class=\"elementor-column elementor-col-50 elementor-top-column elementor-element elementor-element-6bb4bcde\" data-id=\"6bb4bcde\" data-element_type=\"column\" data-e-type=\"column\">\n\t\t\t<div class=\"elementor-widget-wrap elementor-element-populated\">\n\t\t\t\t\t\t<div class=\"elementor-element elementor-element-6d58e5cd elementor-position-inline-start elementor-view-default elementor-mobile-position-block-start elementor-widget elementor-widget-icon-box\" data-id=\"6d58e5cd\" data-element_type=\"widget\" data-e-type=\"widget\" data-widget_type=\"icon-box.default\">\n\t\t\t\t<div class=\"elementor-widget-container\">\n\t\t\t\t\t\t\t<div class=\"elementor-icon-box-wrapper\">\n\n\t\t\t\t\t\t<div class=\"elementor-icon-box-icon\">\n\t\t\t\t<a href=\"https:\/\/portuaria.gob.do\/transparencia\/oficina-de-libre-acceso-a-la-informacion\/informacion-clasificada\/\" class=\"elementor-icon\" tabindex=\"-1\" aria-label=\"Informaci\u00f3n clasificada\">\n\t\t\t\t<i aria-hidden=\"true\" class=\"fas fa-folder-open\"><\/i>\t\t\t\t<\/a>\n\t\t\t<\/div>\n\t\t\t\n\t\t\t\t\t\t<div class=\"elementor-icon-box-content\">\n\n\t\t\t\t\t\t\t\t\t<h4 class=\"elementor-icon-box-title\">\n\t\t\t\t\t\t<a href=\"https:\/\/portuaria.gob.do\/transparencia\/oficina-de-libre-acceso-a-la-informacion\/informacion-clasificada\/\" >\n\t\t\t\t\t\t\tInformaci\u00f3n clasificada\t\t\t\t\t\t<\/a>\n\t\t\t\t\t<\/h4>\n\t\t\t\t\n\t\t\t\t\n\t\t\t<\/div>\n\t\t\t\n\t\t<\/div>\n\t\t\t\t\t\t<\/div>\n\t\t\t\t<\/div>\n\t\t\t\t\t<\/div>\n\t\t<\/div>\n\t\t\t\t<div class=\"elementor-column elementor-col-50 elementor-top-column elementor-element elementor-element-39e2d0a4\" data-id=\"39e2d0a4\" data-element_type=\"column\" data-e-type=\"column\">\n\t\t\t<div class=\"elementor-widget-wrap elementor-element-populated\">\n\t\t\t\t\t\t<div class=\"elementor-element elementor-element-48688cde elementor-position-inline-start elementor-view-default elementor-mobile-position-block-start elementor-widget elementor-widget-icon-box\" data-id=\"48688cde\" data-element_type=\"widget\" data-e-type=\"widget\" data-widget_type=\"icon-box.default\">\n\t\t\t\t<div class=\"elementor-widget-container\">\n\t\t\t\t\t\t\t<div class=\"elementor-icon-box-wrapper\">\n\n\t\t\t\t\t\t<div class=\"elementor-icon-box-icon\">\n\t\t\t\t<a href=\"https:\/\/portuaria.gob.do\/transparencia\/oficina-de-libre-acceso-a-la-informacion\/indice-de-documentos\/\" class=\"elementor-icon\" tabindex=\"-1\" aria-label=\"\u00cdndice de documentos\">\n\t\t\t\t<i aria-hidden=\"true\" class=\"fas fa-folder-open\"><\/i>\t\t\t\t<\/a>\n\t\t\t<\/div>\n\t\t\t\n\t\t\t\t\t\t<div class=\"elementor-icon-box-content\">\n\n\t\t\t\t\t\t\t\t\t<h4 class=\"elementor-icon-box-title\">\n\t\t\t\t\t\t<a href=\"https:\/\/portuaria.gob.do\/transparencia\/oficina-de-libre-acceso-a-la-informacion\/indice-de-documentos\/\" >\n\t\t\t\t\t\t\t\u00cdndice de documentos\t\t\t\t\t\t<\/a>\n\t\t\t\t\t<\/h4>\n\t\t\t\t\n\t\t\t\t\n\t\t\t<\/div>\n\t\t\t\n\t\t<\/div>\n\t\t\t\t\t\t<\/div>\n\t\t\t\t<\/div>\n\t\t\t\t\t<\/div>\n\t\t<\/div>\n\t\t\t\t\t<\/div>\n\t\t<\/section>\n\t\t\t\t<section class=\"elementor-section elementor-top-section elementor-element elementor-element-4b529dd4 elementor-hidden-desktop elementor-hidden-tablet elementor-hidden-phone elementor-section-boxed elementor-section-height-default elementor-section-height-default\" data-id=\"4b529dd4\" data-element_type=\"section\" data-e-type=\"section\">\n\t\t\t\t\t\t<div class=\"elementor-container elementor-column-gap-default\">\n\t\t\t\t\t<div class=\"elementor-column elementor-col-50 elementor-top-column elementor-element elementor-element-3f4b3ce9\" data-id=\"3f4b3ce9\" data-element_type=\"column\" data-e-type=\"column\">\n\t\t\t<div class=\"elementor-widget-wrap elementor-element-populated\">\n\t\t\t\t\t\t<div class=\"elementor-element elementor-element-6159485d elementor-position-inline-start elementor-view-default elementor-mobile-position-block-start elementor-widget elementor-widget-icon-box\" data-id=\"6159485d\" data-element_type=\"widget\" data-e-type=\"widget\" data-widget_type=\"icon-box.default\">\n\t\t\t\t<div class=\"elementor-widget-container\">\n\t\t\t\t\t\t\t<div class=\"elementor-icon-box-wrapper\">\n\n\t\t\t\t\t\t<div class=\"elementor-icon-box-icon\">\n\t\t\t\t<a href=\"https:\/\/portuaria.gob.do\/transparencia\/oficina-de-libre-acceso-a-la-informacion\/indice-de-transparencia-estandarizado\/\" class=\"elementor-icon\" tabindex=\"-1\" aria-label=\"\u00cdndice de transparencia estandarizado\">\n\t\t\t\t<i aria-hidden=\"true\" class=\"fas fa-folder-open\"><\/i>\t\t\t\t<\/a>\n\t\t\t<\/div>\n\t\t\t\n\t\t\t\t\t\t<div class=\"elementor-icon-box-content\">\n\n\t\t\t\t\t\t\t\t\t<h4 class=\"elementor-icon-box-title\">\n\t\t\t\t\t\t<a href=\"https:\/\/portuaria.gob.do\/transparencia\/oficina-de-libre-acceso-a-la-informacion\/indice-de-transparencia-estandarizado\/\" >\n\t\t\t\t\t\t\t\u00cdndice de transparencia estandarizado\t\t\t\t\t\t<\/a>\n\t\t\t\t\t<\/h4>\n\t\t\t\t\n\t\t\t\t\n\t\t\t<\/div>\n\t\t\t\n\t\t<\/div>\n\t\t\t\t\t\t<\/div>\n\t\t\t\t<\/div>\n\t\t\t\t\t<\/div>\n\t\t<\/div>\n\t\t\t\t<div class=\"elementor-column elementor-col-50 elementor-top-column elementor-element elementor-element-46a83b21\" data-id=\"46a83b21\" data-element_type=\"column\" data-e-type=\"column\">\n\t\t\t<div class=\"elementor-widget-wrap\">\n\t\t\t\t\t\t\t<\/div>\n\t\t<\/div>\n\t\t\t\t\t<\/div>\n\t\t<\/section>\n\t\t\t\t<\/div>\n\t\t","protected":false},"excerpt":{"rendered":"<p>Derechos de los ciudadanos Estructura Organizacional de la OAI Manual de organizaci\u00f3n de la OAI Manual de procedimiento de la OAI Estad\u00edsticas y balance de la gesti\u00f3n OAI Contactos del RAI Informaci\u00f3n clasificada \u00cdndice de documentos \u00cdndice de transparencia estandarizado<\/p>\n","protected":false},"author":10,"featured_media":0,"parent":0,"menu_order":0,"comment_status":"closed","ping_status":"closed","template":"","meta":{"_acf_changed":false,"footnotes":""},"class_list":["post-25","page","type-page","status-publish","hentry"],"acf":[],"yoast_head":"<!-- This site is optimized with the Yoast SEO plugin v26.9 - https:\/\/yoast.com\/product\/yoast-seo-wordpress\/ -->\n<title>Oficina de Libre Acceso a la Informaci\u00f3n - Transparencia<\/title>\n<meta name=\"robots\" content=\"index, follow, max-snippet:-1, max-image-preview:large, max-video-preview:-1\" \/>\n<link rel=\"canonical\" href=\"https:\/\/portuaria.gob.do\/transparencia\/oficina-de-libre-acceso-a-la-informacion\/\" \/>\n<meta property=\"og:locale\" content=\"es_ES\" \/>\n<meta property=\"og:type\" content=\"article\" \/>\n<meta property=\"og:title\" content=\"Oficina de Libre Acceso a la Informaci\u00f3n - Transparencia\" \/>\n<meta property=\"og:description\" content=\"Derechos de los ciudadanos Estructura Organizacional de la OAI Manual de organizaci\u00f3n de la OAI Manual de procedimiento de la OAI Estad\u00edsticas y balance de la gesti\u00f3n OAI Contactos del RAI Informaci\u00f3n clasificada \u00cdndice de documentos \u00cdndice de transparencia estandarizado\" \/>\n<meta property=\"og:url\" content=\"https:\/\/portuaria.gob.do\/transparencia\/oficina-de-libre-acceso-a-la-informacion\/\" \/>\n<meta property=\"og:site_name\" content=\"Transparencia\" \/>\n<meta property=\"article:modified_time\" content=\"2023-05-04T18:46:00+00:00\" \/>\n<meta name=\"twitter:card\" content=\"summary_large_image\" \/>\n<script type=\"application\/ld+json\" class=\"yoast-schema-graph\">{\"@context\":\"https:\/\/schema.org\",\"@graph\":[{\"@type\":\"WebPage\",\"@id\":\"https:\/\/portuaria.gob.do\/transparencia\/oficina-de-libre-acceso-a-la-informacion\/\",\"url\":\"https:\/\/portuaria.gob.do\/transparencia\/oficina-de-libre-acceso-a-la-informacion\/\",\"name\":\"Oficina de Libre Acceso a la Informaci\u00f3n - Transparencia\",\"isPartOf\":{\"@id\":\"https:\/\/portuaria.gob.do\/transparencia\/#website\"},\"datePublished\":\"2021-09-06T17:56:22+00:00\",\"dateModified\":\"2023-05-04T18:46:00+00:00\",\"breadcrumb\":{\"@id\":\"https:\/\/portuaria.gob.do\/transparencia\/oficina-de-libre-acceso-a-la-informacion\/#breadcrumb\"},\"inLanguage\":\"es\",\"potentialAction\":[{\"@type\":\"ReadAction\",\"target\":[\"https:\/\/portuaria.gob.do\/transparencia\/oficina-de-libre-acceso-a-la-informacion\/\"]}]},{\"@type\":\"BreadcrumbList\",\"@id\":\"https:\/\/portuaria.gob.do\/transparencia\/oficina-de-libre-acceso-a-la-informacion\/#breadcrumb\",\"itemListElement\":[{\"@type\":\"ListItem\",\"position\":1,\"name\":\"Portada\",\"item\":\"https:\/\/portuaria.gob.do\/transparencia\/\"},{\"@type\":\"ListItem\",\"position\":2,\"name\":\"Oficina de Libre Acceso a la Informaci\u00f3n\"}]},{\"@type\":\"WebSite\",\"@id\":\"https:\/\/portuaria.gob.do\/transparencia\/#website\",\"url\":\"https:\/\/portuaria.gob.do\/transparencia\/\",\"name\":\"Transparencia\",\"description\":\"Otro sitio m\u00e1s de Portuaria sitios\",\"potentialAction\":[{\"@type\":\"SearchAction\",\"target\":{\"@type\":\"EntryPoint\",\"urlTemplate\":\"https:\/\/portuaria.gob.do\/transparencia\/?s={search_term_string}\"},\"query-input\":{\"@type\":\"PropertyValueSpecification\",\"valueRequired\":true,\"valueName\":\"search_term_string\"}}],\"inLanguage\":\"es\"}]}<\/script>\n<!-- \/ Yoast SEO plugin. -->","yoast_head_json":{"title":"Oficina de Libre Acceso a la Informaci\u00f3n - Transparencia","robots":{"index":"index","follow":"follow","max-snippet":"max-snippet:-1","max-image-preview":"max-image-preview:large","max-video-preview":"max-video-preview:-1"},"canonical":"https:\/\/portuaria.gob.do\/transparencia\/oficina-de-libre-acceso-a-la-informacion\/","og_locale":"es_ES","og_type":"article","og_title":"Oficina de Libre Acceso a la Informaci\u00f3n - Transparencia","og_description":"Derechos de los ciudadanos Estructura Organizacional de la OAI Manual de organizaci\u00f3n de la OAI Manual de procedimiento de la OAI Estad\u00edsticas y balance de la gesti\u00f3n OAI Contactos del RAI Informaci\u00f3n clasificada \u00cdndice de documentos \u00cdndice de transparencia estandarizado","og_url":"https:\/\/portuaria.gob.do\/transparencia\/oficina-de-libre-acceso-a-la-informacion\/","og_site_name":"Transparencia","article_modified_time":"2023-05-04T18:46:00+00:00","twitter_card":"summary_large_image","schema":{"@context":"https:\/\/schema.org","@graph":[{"@type":"WebPage","@id":"https:\/\/portuaria.gob.do\/transparencia\/oficina-de-libre-acceso-a-la-informacion\/","url":"https:\/\/portuaria.gob.do\/transparencia\/oficina-de-libre-acceso-a-la-informacion\/","name":"Oficina de Libre Acceso a la Informaci\u00f3n - Transparencia","isPartOf":{"@id":"https:\/\/portuaria.gob.do\/transparencia\/#website"},"datePublished":"2021-09-06T17:56:22+00:00","dateModified":"2023-05-04T18:46:00+00:00","breadcrumb":{"@id":"https:\/\/portuaria.gob.do\/transparencia\/oficina-de-libre-acceso-a-la-informacion\/#breadcrumb"},"inLanguage":"es","potentialAction":[{"@type":"ReadAction","target":["https:\/\/portuaria.gob.do\/transparencia\/oficina-de-libre-acceso-a-la-informacion\/"]}]},{"@type":"BreadcrumbList","@id":"https:\/\/portuaria.gob.do\/transparencia\/oficina-de-libre-acceso-a-la-informacion\/#breadcrumb","itemListElement":[{"@type":"ListItem","position":1,"name":"Portada","item":"https:\/\/portuaria.gob.do\/transparencia\/"},{"@type":"ListItem","position":2,"name":"Oficina de Libre Acceso a la Informaci\u00f3n"}]},{"@type":"WebSite","@id":"https:\/\/portuaria.gob.do\/transparencia\/#website","url":"https:\/\/portuaria.gob.do\/transparencia\/","name":"Transparencia","description":"Otro sitio m\u00e1s de Portuaria sitios","potentialAction":[{"@type":"SearchAction","target":{"@type":"EntryPoint","urlTemplate":"https:\/\/portuaria.gob.do\/transparencia\/?s={search_term_string}"},"query-input":{"@type":"PropertyValueSpecification","valueRequired":true,"valueName":"search_term_string"}}],"inLanguage":"es"}]}},"_links":{"self":[{"href":"https:\/\/portuaria.gob.do\/transparencia\/wp-json\/wp\/v2\/pages\/25","targetHints":{"allow":["GET"]}}],"collection":[{"href":"https:\/\/portuaria.gob.do\/transparencia\/wp-json\/wp\/v2\/pages"}],"about":[{"href":"https:\/\/portuaria.gob.do\/transparencia\/wp-json\/wp\/v2\/types\/page"}],"author":[{"embeddable":true,"href":"https:\/\/portuaria.gob.do\/transparencia\/wp-json\/wp\/v2\/users\/10"}],"replies":[{"embeddable":true,"href":"https:\/\/portuaria.gob.do\/transparencia\/wp-json\/wp\/v2\/comments?post=25"}],"version-history":[{"count":7,"href":"https:\/\/portuaria.gob.do\/transparencia\/wp-json\/wp\/v2\/pages\/25\/revisions"}],"predecessor-version":[{"id":6759,"href":"https:\/\/portuaria.gob.do\/transparencia\/wp-json\/wp\/v2\/pages\/25\/revisions\/6759"}],"wp:attachment":[{"href":"https:\/\/portuaria.gob.do\/transparencia\/wp-json\/wp\/v2\/media?parent=25"}],"curies":[{"name":"wp","href":"https:\/\/api.w.org\/{rel}","templated":true}]}}