{"id":2995,"date":"2022-02-11T13:16:00","date_gmt":"2022-02-11T13:16:00","guid":{"rendered":"https:\/\/portuaria.gob.do\/transparencia\/?page_id=2995"},"modified":"2023-05-09T18:14:03","modified_gmt":"2023-05-09T18:14:03","slug":"2021-2","status":"publish","type":"page","link":"https:\/\/portuaria.gob.do\/transparencia\/oficina-de-libre-acceso-a-la-informacion\/informacion-clasificada\/2021-2\/","title":{"rendered":"2021"},"content":{"rendered":"\t\t<div data-elementor-type=\"wp-page\" data-elementor-id=\"2995\" class=\"elementor elementor-2995\">\n\t\t\t\t\t\t<section class=\"elementor-section elementor-top-section elementor-element elementor-element-b22703 elementor-section-boxed elementor-section-height-default elementor-section-height-default\" data-id=\"b22703\" data-element_type=\"section\" data-e-type=\"section\">\n\t\t\t\t\t\t<div class=\"elementor-container elementor-column-gap-default\">\n\t\t\t\t\t<div class=\"elementor-column elementor-col-100 elementor-top-column elementor-element elementor-element-5a6b975\" data-id=\"5a6b975\" data-element_type=\"column\" data-e-type=\"column\">\n\t\t\t<div class=\"elementor-widget-wrap elementor-element-populated\">\n\t\t\t\t\t\t<div class=\"elementor-element elementor-element-4591ae9e elementor-widget elementor-widget-heading\" data-id=\"4591ae9e\" data-element_type=\"widget\" data-e-type=\"widget\" data-widget_type=\"heading.default\">\n\t\t\t\t<div class=\"elementor-widget-container\">\n\t\t\t\t\t<h2 class=\"elementor-heading-title elementor-size-default\">No existe actos de clasificaci\u00f3n de informaci\u00f3n Diciembre 2021.<\/h2>\t\t\t\t<\/div>\n\t\t\t\t<\/div>\n\t\t\t\t\t<\/div>\n\t\t<\/div>\n\t\t\t\t\t<\/div>\n\t\t<\/section>\n\t\t\t\t<section class=\"elementor-section elementor-top-section elementor-element elementor-element-352726f3 elementor-section-boxed elementor-section-height-default elementor-section-height-default\" data-id=\"352726f3\" data-element_type=\"section\" data-e-type=\"section\">\n\t\t\t\t\t\t<div class=\"elementor-container elementor-column-gap-default\">\n\t\t\t\t\t<div class=\"elementor-column elementor-col-100 elementor-top-column elementor-element elementor-element-156927dd\" data-id=\"156927dd\" data-element_type=\"column\" data-e-type=\"column\">\n\t\t\t<div class=\"elementor-widget-wrap elementor-element-populated\">\n\t\t\t\t\t\t<div class=\"elementor-element elementor-element-68369144 elementor-widget elementor-widget-heading\" data-id=\"68369144\" data-element_type=\"widget\" data-e-type=\"widget\" data-widget_type=\"heading.default\">\n\t\t\t\t<div class=\"elementor-widget-container\">\n\t\t\t\t\t<h2 class=\"elementor-heading-title elementor-size-default\">No existe actos de clasificaci\u00f3n de informaci\u00f3n Noviembre 2021.<\/h2>\t\t\t\t<\/div>\n\t\t\t\t<\/div>\n\t\t\t\t\t<\/div>\n\t\t<\/div>\n\t\t\t\t\t<\/div>\n\t\t<\/section>\n\t\t\t\t<section class=\"elementor-section elementor-top-section elementor-element elementor-element-3ceb1ae7 elementor-section-boxed elementor-section-height-default elementor-section-height-default\" data-id=\"3ceb1ae7\" data-element_type=\"section\" data-e-type=\"section\">\n\t\t\t\t\t\t<div class=\"elementor-container elementor-column-gap-default\">\n\t\t\t\t\t<div class=\"elementor-column elementor-col-100 elementor-top-column elementor-element elementor-element-5d92e7ff\" data-id=\"5d92e7ff\" data-element_type=\"column\" data-e-type=\"column\">\n\t\t\t<div class=\"elementor-widget-wrap elementor-element-populated\">\n\t\t\t\t\t\t<div class=\"elementor-element elementor-element-64c56a34 elementor-widget elementor-widget-heading\" data-id=\"64c56a34\" data-element_type=\"widget\" data-e-type=\"widget\" data-widget_type=\"heading.default\">\n\t\t\t\t<div class=\"elementor-widget-container\">\n\t\t\t\t\t<h2 class=\"elementor-heading-title elementor-size-default\">No existe actos de clasificaci\u00f3n de informaci\u00f3n Octubre 2021.<\/h2>\t\t\t\t<\/div>\n\t\t\t\t<\/div>\n\t\t\t\t\t<\/div>\n\t\t<\/div>\n\t\t\t\t\t<\/div>\n\t\t<\/section>\n\t\t\t\t<section class=\"elementor-section elementor-top-section elementor-element elementor-element-6971601e elementor-section-boxed elementor-section-height-default elementor-section-height-default\" data-id=\"6971601e\" data-element_type=\"section\" data-e-type=\"section\">\n\t\t\t\t\t\t<div class=\"elementor-container elementor-column-gap-default\">\n\t\t\t\t\t<div class=\"elementor-column elementor-col-100 elementor-top-column elementor-element elementor-element-46b14616\" data-id=\"46b14616\" data-element_type=\"column\" data-e-type=\"column\">\n\t\t\t<div class=\"elementor-widget-wrap elementor-element-populated\">\n\t\t\t\t\t\t<div class=\"elementor-element elementor-element-1fefd884 elementor-widget elementor-widget-heading\" data-id=\"1fefd884\" data-element_type=\"widget\" data-e-type=\"widget\" data-widget_type=\"heading.default\">\n\t\t\t\t<div class=\"elementor-widget-container\">\n\t\t\t\t\t<h2 class=\"elementor-heading-title elementor-size-default\">No existe actos de clasificaci\u00f3n de informaci\u00f3n Septiembre 2021.<\/h2>\t\t\t\t<\/div>\n\t\t\t\t<\/div>\n\t\t\t\t\t<\/div>\n\t\t<\/div>\n\t\t\t\t\t<\/div>\n\t\t<\/section>\n\t\t\t\t<section class=\"elementor-section elementor-top-section elementor-element elementor-element-1a2e3d34 elementor-section-boxed elementor-section-height-default elementor-section-height-default\" data-id=\"1a2e3d34\" data-element_type=\"section\" data-e-type=\"section\">\n\t\t\t\t\t\t<div class=\"elementor-container elementor-column-gap-default\">\n\t\t\t\t\t<div class=\"elementor-column elementor-col-100 elementor-top-column elementor-element elementor-element-6aa91154\" data-id=\"6aa91154\" data-element_type=\"column\" data-e-type=\"column\">\n\t\t\t<div class=\"elementor-widget-wrap elementor-element-populated\">\n\t\t\t\t\t\t<div class=\"elementor-element elementor-element-7cbcff3e elementor-widget elementor-widget-heading\" data-id=\"7cbcff3e\" data-element_type=\"widget\" data-e-type=\"widget\" data-widget_type=\"heading.default\">\n\t\t\t\t<div class=\"elementor-widget-container\">\n\t\t\t\t\t<h2 class=\"elementor-heading-title elementor-size-default\">No existe actos de clasificaci\u00f3n de informaci\u00f3n Agosto 2021.<\/h2>\t\t\t\t<\/div>\n\t\t\t\t<\/div>\n\t\t\t\t\t<\/div>\n\t\t<\/div>\n\t\t\t\t\t<\/div>\n\t\t<\/section>\n\t\t\t\t<section class=\"elementor-section elementor-top-section elementor-element elementor-element-44ef109e elementor-section-boxed elementor-section-height-default elementor-section-height-default\" data-id=\"44ef109e\" data-element_type=\"section\" data-e-type=\"section\">\n\t\t\t\t\t\t<div class=\"elementor-container elementor-column-gap-default\">\n\t\t\t\t\t<div class=\"elementor-column elementor-col-100 elementor-top-column elementor-element elementor-element-15996c34\" data-id=\"15996c34\" data-element_type=\"column\" data-e-type=\"column\">\n\t\t\t<div class=\"elementor-widget-wrap elementor-element-populated\">\n\t\t\t\t\t\t<div class=\"elementor-element elementor-element-59a07943 elementor-widget elementor-widget-heading\" data-id=\"59a07943\" data-element_type=\"widget\" data-e-type=\"widget\" data-widget_type=\"heading.default\">\n\t\t\t\t<div class=\"elementor-widget-container\">\n\t\t\t\t\t<h2 class=\"elementor-heading-title elementor-size-default\">No existe actos de clasificaci\u00f3n de informaci\u00f3n Julio 2021.<\/h2>\t\t\t\t<\/div>\n\t\t\t\t<\/div>\n\t\t\t\t\t<\/div>\n\t\t<\/div>\n\t\t\t\t\t<\/div>\n\t\t<\/section>\n\t\t\t\t<section class=\"elementor-section elementor-top-section elementor-element elementor-element-26bac719 elementor-section-boxed elementor-section-height-default elementor-section-height-default\" data-id=\"26bac719\" data-element_type=\"section\" data-e-type=\"section\">\n\t\t\t\t\t\t<div class=\"elementor-container elementor-column-gap-default\">\n\t\t\t\t\t<div class=\"elementor-column elementor-col-100 elementor-top-column elementor-element elementor-element-bbf90a4\" data-id=\"bbf90a4\" data-element_type=\"column\" data-e-type=\"column\">\n\t\t\t<div class=\"elementor-widget-wrap elementor-element-populated\">\n\t\t\t\t\t\t<div class=\"elementor-element elementor-element-1f1a4539 elementor-widget elementor-widget-heading\" data-id=\"1f1a4539\" data-element_type=\"widget\" data-e-type=\"widget\" data-widget_type=\"heading.default\">\n\t\t\t\t<div class=\"elementor-widget-container\">\n\t\t\t\t\t<h2 class=\"elementor-heading-title elementor-size-default\">No existe actos de clasificaci\u00f3n de informaci\u00f3n Junio 2021.<\/h2>\t\t\t\t<\/div>\n\t\t\t\t<\/div>\n\t\t\t\t\t<\/div>\n\t\t<\/div>\n\t\t\t\t\t<\/div>\n\t\t<\/section>\n\t\t\t\t<section class=\"elementor-section elementor-top-section elementor-element elementor-element-138bdd9 elementor-section-boxed elementor-section-height-default elementor-section-height-default\" data-id=\"138bdd9\" data-element_type=\"section\" data-e-type=\"section\">\n\t\t\t\t\t\t<div class=\"elementor-container elementor-column-gap-default\">\n\t\t\t\t\t<div class=\"elementor-column elementor-col-100 elementor-top-column elementor-element elementor-element-74938e64\" data-id=\"74938e64\" data-element_type=\"column\" data-e-type=\"column\">\n\t\t\t<div class=\"elementor-widget-wrap elementor-element-populated\">\n\t\t\t\t\t\t<div class=\"elementor-element elementor-element-1f143fb2 elementor-widget elementor-widget-heading\" data-id=\"1f143fb2\" data-element_type=\"widget\" data-e-type=\"widget\" data-widget_type=\"heading.default\">\n\t\t\t\t<div class=\"elementor-widget-container\">\n\t\t\t\t\t<h2 class=\"elementor-heading-title elementor-size-default\">No existe actos de clasificaci\u00f3n de informaci\u00f3n Mayo 2021.<\/h2>\t\t\t\t<\/div>\n\t\t\t\t<\/div>\n\t\t\t\t\t<\/div>\n\t\t<\/div>\n\t\t\t\t\t<\/div>\n\t\t<\/section>\n\t\t\t\t<section class=\"elementor-section elementor-top-section elementor-element elementor-element-e4d11a2 elementor-section-boxed elementor-section-height-default elementor-section-height-default\" data-id=\"e4d11a2\" data-element_type=\"section\" data-e-type=\"section\">\n\t\t\t\t\t\t<div class=\"elementor-container elementor-column-gap-default\">\n\t\t\t\t\t<div class=\"elementor-column elementor-col-100 elementor-top-column elementor-element elementor-element-3edd12e9\" data-id=\"3edd12e9\" data-element_type=\"column\" data-e-type=\"column\">\n\t\t\t<div class=\"elementor-widget-wrap elementor-element-populated\">\n\t\t\t\t\t\t<div class=\"elementor-element elementor-element-6fd5473e elementor-widget elementor-widget-heading\" data-id=\"6fd5473e\" data-element_type=\"widget\" data-e-type=\"widget\" data-widget_type=\"heading.default\">\n\t\t\t\t<div class=\"elementor-widget-container\">\n\t\t\t\t\t<h2 class=\"elementor-heading-title elementor-size-default\">No existe actos de clasificaci\u00f3n de informaci\u00f3n Abril 2021.<\/h2>\t\t\t\t<\/div>\n\t\t\t\t<\/div>\n\t\t\t\t\t<\/div>\n\t\t<\/div>\n\t\t\t\t\t<\/div>\n\t\t<\/section>\n\t\t\t\t<section class=\"elementor-section elementor-top-section elementor-element elementor-element-7b672183 elementor-section-boxed elementor-section-height-default elementor-section-height-default\" data-id=\"7b672183\" data-element_type=\"section\" data-e-type=\"section\">\n\t\t\t\t\t\t<div class=\"elementor-container elementor-column-gap-default\">\n\t\t\t\t\t<div class=\"elementor-column elementor-col-100 elementor-top-column elementor-element elementor-element-2e37edfe\" data-id=\"2e37edfe\" data-element_type=\"column\" data-e-type=\"column\">\n\t\t\t<div class=\"elementor-widget-wrap elementor-element-populated\">\n\t\t\t\t\t\t<div class=\"elementor-element elementor-element-2aff9199 elementor-widget elementor-widget-heading\" data-id=\"2aff9199\" data-element_type=\"widget\" data-e-type=\"widget\" data-widget_type=\"heading.default\">\n\t\t\t\t<div class=\"elementor-widget-container\">\n\t\t\t\t\t<h2 class=\"elementor-heading-title elementor-size-default\">No existe actos de clasificaci\u00f3n de informaci\u00f3n Marzo 2021.<\/h2>\t\t\t\t<\/div>\n\t\t\t\t<\/div>\n\t\t\t\t\t<\/div>\n\t\t<\/div>\n\t\t\t\t\t<\/div>\n\t\t<\/section>\n\t\t\t\t<section class=\"elementor-section elementor-top-section elementor-element elementor-element-75b5e945 elementor-section-boxed elementor-section-height-default elementor-section-height-default\" data-id=\"75b5e945\" data-element_type=\"section\" data-e-type=\"section\">\n\t\t\t\t\t\t<div class=\"elementor-container elementor-column-gap-default\">\n\t\t\t\t\t<div class=\"elementor-column elementor-col-100 elementor-top-column elementor-element elementor-element-24219ed9\" data-id=\"24219ed9\" data-element_type=\"column\" data-e-type=\"column\">\n\t\t\t<div class=\"elementor-widget-wrap elementor-element-populated\">\n\t\t\t\t\t\t<div class=\"elementor-element elementor-element-50f5b782 elementor-widget elementor-widget-heading\" data-id=\"50f5b782\" data-element_type=\"widget\" data-e-type=\"widget\" data-widget_type=\"heading.default\">\n\t\t\t\t<div class=\"elementor-widget-container\">\n\t\t\t\t\t<h2 class=\"elementor-heading-title elementor-size-default\">No existe actos de clasificaci\u00f3n de informaci\u00f3n Febrero 2021.<\/h2>\t\t\t\t<\/div>\n\t\t\t\t<\/div>\n\t\t\t\t\t<\/div>\n\t\t<\/div>\n\t\t\t\t\t<\/div>\n\t\t<\/section>\n\t\t\t\t<section class=\"elementor-section elementor-top-section elementor-element elementor-element-4c5c2171 elementor-section-boxed elementor-section-height-default elementor-section-height-default\" data-id=\"4c5c2171\" data-element_type=\"section\" data-e-type=\"section\">\n\t\t\t\t\t\t<div class=\"elementor-container elementor-column-gap-default\">\n\t\t\t\t\t<div class=\"elementor-column elementor-col-100 elementor-top-column elementor-element elementor-element-187553af\" data-id=\"187553af\" data-element_type=\"column\" data-e-type=\"column\">\n\t\t\t<div class=\"elementor-widget-wrap elementor-element-populated\">\n\t\t\t\t\t\t<div class=\"elementor-element elementor-element-2d513e30 elementor-widget elementor-widget-heading\" data-id=\"2d513e30\" data-element_type=\"widget\" data-e-type=\"widget\" data-widget_type=\"heading.default\">\n\t\t\t\t<div class=\"elementor-widget-container\">\n\t\t\t\t\t<h2 class=\"elementor-heading-title elementor-size-default\">No existe actos de clasificaci\u00f3n de informaci\u00f3n Enero 2021.<\/h2>\t\t\t\t<\/div>\n\t\t\t\t<\/div>\n\t\t\t\t\t<\/div>\n\t\t<\/div>\n\t\t\t\t\t<\/div>\n\t\t<\/section>\n\t\t\t\t<\/div>\n\t\t","protected":false},"excerpt":{"rendered":"<p>No existe actos de clasificaci\u00f3n de informaci\u00f3n Diciembre 2021. No existe actos de clasificaci\u00f3n de informaci\u00f3n Noviembre 2021. No existe actos de clasificaci\u00f3n de informaci\u00f3n Octubre 2021. No existe actos de clasificaci\u00f3n de informaci\u00f3n Septiembre 2021. No existe actos de clasificaci\u00f3n de informaci\u00f3n Agosto 2021. No existe actos de clasificaci\u00f3n de informaci\u00f3n Julio 2021. No [&hellip;]<\/p>\n","protected":false},"author":10,"featured_media":0,"parent":264,"menu_order":0,"comment_status":"closed","ping_status":"closed","template":"","meta":{"_acf_changed":false,"footnotes":""},"class_list":["post-2995","page","type-page","status-publish","hentry"],"acf":[],"yoast_head":"<!-- This site is optimized with the Yoast SEO plugin v26.9 - https:\/\/yoast.com\/product\/yoast-seo-wordpress\/ -->\n<title>2021 - Transparencia<\/title>\n<meta name=\"robots\" content=\"index, follow, max-snippet:-1, max-image-preview:large, max-video-preview:-1\" \/>\n<link rel=\"canonical\" href=\"https:\/\/portuaria.gob.do\/transparencia\/oficina-de-libre-acceso-a-la-informacion\/informacion-clasificada\/2021-2\/\" \/>\n<meta property=\"og:locale\" content=\"es_ES\" \/>\n<meta property=\"og:type\" content=\"article\" \/>\n<meta property=\"og:title\" content=\"2021 - Transparencia\" \/>\n<meta property=\"og:description\" content=\"No existe actos de clasificaci\u00f3n de informaci\u00f3n Diciembre 2021. No existe actos de clasificaci\u00f3n de informaci\u00f3n Noviembre 2021. No existe actos de clasificaci\u00f3n de informaci\u00f3n Octubre 2021. No existe actos de clasificaci\u00f3n de informaci\u00f3n Septiembre 2021. No existe actos de clasificaci\u00f3n de informaci\u00f3n Agosto 2021. No existe actos de clasificaci\u00f3n de informaci\u00f3n Julio 2021. No [&hellip;]\" \/>\n<meta property=\"og:url\" content=\"https:\/\/portuaria.gob.do\/transparencia\/oficina-de-libre-acceso-a-la-informacion\/informacion-clasificada\/2021-2\/\" \/>\n<meta property=\"og:site_name\" content=\"Transparencia\" \/>\n<meta property=\"article:modified_time\" content=\"2023-05-09T18:14:03+00:00\" \/>\n<meta name=\"twitter:card\" content=\"summary_large_image\" \/>\n<meta name=\"twitter:label1\" content=\"Tiempo de lectura\" \/>\n\t<meta name=\"twitter:data1\" content=\"1 minuto\" \/>\n<script type=\"application\/ld+json\" class=\"yoast-schema-graph\">{\"@context\":\"https:\/\/schema.org\",\"@graph\":[{\"@type\":\"WebPage\",\"@id\":\"https:\/\/portuaria.gob.do\/transparencia\/oficina-de-libre-acceso-a-la-informacion\/informacion-clasificada\/2021-2\/\",\"url\":\"https:\/\/portuaria.gob.do\/transparencia\/oficina-de-libre-acceso-a-la-informacion\/informacion-clasificada\/2021-2\/\",\"name\":\"2021 - Transparencia\",\"isPartOf\":{\"@id\":\"https:\/\/portuaria.gob.do\/transparencia\/#website\"},\"datePublished\":\"2022-02-11T13:16:00+00:00\",\"dateModified\":\"2023-05-09T18:14:03+00:00\",\"breadcrumb\":{\"@id\":\"https:\/\/portuaria.gob.do\/transparencia\/oficina-de-libre-acceso-a-la-informacion\/informacion-clasificada\/2021-2\/#breadcrumb\"},\"inLanguage\":\"es\",\"potentialAction\":[{\"@type\":\"ReadAction\",\"target\":[\"https:\/\/portuaria.gob.do\/transparencia\/oficina-de-libre-acceso-a-la-informacion\/informacion-clasificada\/2021-2\/\"]}]},{\"@type\":\"BreadcrumbList\",\"@id\":\"https:\/\/portuaria.gob.do\/transparencia\/oficina-de-libre-acceso-a-la-informacion\/informacion-clasificada\/2021-2\/#breadcrumb\",\"itemListElement\":[{\"@type\":\"ListItem\",\"position\":1,\"name\":\"Portada\",\"item\":\"https:\/\/portuaria.gob.do\/transparencia\/\"},{\"@type\":\"ListItem\",\"position\":2,\"name\":\"Oficina de Libre Acceso a la Informaci\u00f3n\",\"item\":\"https:\/\/portuaria.gob.do\/transparencia\/oficina-de-libre-acceso-a-la-informacion\/\"},{\"@type\":\"ListItem\",\"position\":3,\"name\":\"Informaci\u00f3n clasificada\",\"item\":\"https:\/\/portuaria.gob.do\/transparencia\/oficina-de-libre-acceso-a-la-informacion\/informacion-clasificada\/\"},{\"@type\":\"ListItem\",\"position\":4,\"name\":\"2021\"}]},{\"@type\":\"WebSite\",\"@id\":\"https:\/\/portuaria.gob.do\/transparencia\/#website\",\"url\":\"https:\/\/portuaria.gob.do\/transparencia\/\",\"name\":\"Transparencia\",\"description\":\"Otro sitio m\u00e1s de Portuaria sitios\",\"potentialAction\":[{\"@type\":\"SearchAction\",\"target\":{\"@type\":\"EntryPoint\",\"urlTemplate\":\"https:\/\/portuaria.gob.do\/transparencia\/?s={search_term_string}\"},\"query-input\":{\"@type\":\"PropertyValueSpecification\",\"valueRequired\":true,\"valueName\":\"search_term_string\"}}],\"inLanguage\":\"es\"}]}<\/script>\n<!-- \/ Yoast SEO plugin. -->","yoast_head_json":{"title":"2021 - Transparencia","robots":{"index":"index","follow":"follow","max-snippet":"max-snippet:-1","max-image-preview":"max-image-preview:large","max-video-preview":"max-video-preview:-1"},"canonical":"https:\/\/portuaria.gob.do\/transparencia\/oficina-de-libre-acceso-a-la-informacion\/informacion-clasificada\/2021-2\/","og_locale":"es_ES","og_type":"article","og_title":"2021 - Transparencia","og_description":"No existe actos de clasificaci\u00f3n de informaci\u00f3n Diciembre 2021. No existe actos de clasificaci\u00f3n de informaci\u00f3n Noviembre 2021. No existe actos de clasificaci\u00f3n de informaci\u00f3n Octubre 2021. No existe actos de clasificaci\u00f3n de informaci\u00f3n Septiembre 2021. No existe actos de clasificaci\u00f3n de informaci\u00f3n Agosto 2021. No existe actos de clasificaci\u00f3n de informaci\u00f3n Julio 2021. No [&hellip;]","og_url":"https:\/\/portuaria.gob.do\/transparencia\/oficina-de-libre-acceso-a-la-informacion\/informacion-clasificada\/2021-2\/","og_site_name":"Transparencia","article_modified_time":"2023-05-09T18:14:03+00:00","twitter_card":"summary_large_image","twitter_misc":{"Tiempo de lectura":"1 minuto"},"schema":{"@context":"https:\/\/schema.org","@graph":[{"@type":"WebPage","@id":"https:\/\/portuaria.gob.do\/transparencia\/oficina-de-libre-acceso-a-la-informacion\/informacion-clasificada\/2021-2\/","url":"https:\/\/portuaria.gob.do\/transparencia\/oficina-de-libre-acceso-a-la-informacion\/informacion-clasificada\/2021-2\/","name":"2021 - Transparencia","isPartOf":{"@id":"https:\/\/portuaria.gob.do\/transparencia\/#website"},"datePublished":"2022-02-11T13:16:00+00:00","dateModified":"2023-05-09T18:14:03+00:00","breadcrumb":{"@id":"https:\/\/portuaria.gob.do\/transparencia\/oficina-de-libre-acceso-a-la-informacion\/informacion-clasificada\/2021-2\/#breadcrumb"},"inLanguage":"es","potentialAction":[{"@type":"ReadAction","target":["https:\/\/portuaria.gob.do\/transparencia\/oficina-de-libre-acceso-a-la-informacion\/informacion-clasificada\/2021-2\/"]}]},{"@type":"BreadcrumbList","@id":"https:\/\/portuaria.gob.do\/transparencia\/oficina-de-libre-acceso-a-la-informacion\/informacion-clasificada\/2021-2\/#breadcrumb","itemListElement":[{"@type":"ListItem","position":1,"name":"Portada","item":"https:\/\/portuaria.gob.do\/transparencia\/"},{"@type":"ListItem","position":2,"name":"Oficina de Libre Acceso a la Informaci\u00f3n","item":"https:\/\/portuaria.gob.do\/transparencia\/oficina-de-libre-acceso-a-la-informacion\/"},{"@type":"ListItem","position":3,"name":"Informaci\u00f3n clasificada","item":"https:\/\/portuaria.gob.do\/transparencia\/oficina-de-libre-acceso-a-la-informacion\/informacion-clasificada\/"},{"@type":"ListItem","position":4,"name":"2021"}]},{"@type":"WebSite","@id":"https:\/\/portuaria.gob.do\/transparencia\/#website","url":"https:\/\/portuaria.gob.do\/transparencia\/","name":"Transparencia","description":"Otro sitio m\u00e1s de Portuaria sitios","potentialAction":[{"@type":"SearchAction","target":{"@type":"EntryPoint","urlTemplate":"https:\/\/portuaria.gob.do\/transparencia\/?s={search_term_string}"},"query-input":{"@type":"PropertyValueSpecification","valueRequired":true,"valueName":"search_term_string"}}],"inLanguage":"es"}]}},"_links":{"self":[{"href":"https:\/\/portuaria.gob.do\/transparencia\/wp-json\/wp\/v2\/pages\/2995","targetHints":{"allow":["GET"]}}],"collection":[{"href":"https:\/\/portuaria.gob.do\/transparencia\/wp-json\/wp\/v2\/pages"}],"about":[{"href":"https:\/\/portuaria.gob.do\/transparencia\/wp-json\/wp\/v2\/types\/page"}],"author":[{"embeddable":true,"href":"https:\/\/portuaria.gob.do\/transparencia\/wp-json\/wp\/v2\/users\/10"}],"replies":[{"embeddable":true,"href":"https:\/\/portuaria.gob.do\/transparencia\/wp-json\/wp\/v2\/comments?post=2995"}],"version-history":[{"count":4,"href":"https:\/\/portuaria.gob.do\/transparencia\/wp-json\/wp\/v2\/pages\/2995\/revisions"}],"predecessor-version":[{"id":6979,"href":"https:\/\/portuaria.gob.do\/transparencia\/wp-json\/wp\/v2\/pages\/2995\/revisions\/6979"}],"up":[{"embeddable":true,"href":"https:\/\/portuaria.gob.do\/transparencia\/wp-json\/wp\/v2\/pages\/264"}],"wp:attachment":[{"href":"https:\/\/portuaria.gob.do\/transparencia\/wp-json\/wp\/v2\/media?parent=2995"}],"curies":[{"name":"wp","href":"https:\/\/api.w.org\/{rel}","templated":true}]}}