{"id":2999,"date":"2022-02-11T13:15:00","date_gmt":"2022-02-11T13:15:00","guid":{"rendered":"https:\/\/portuaria.gob.do\/transparencia\/?page_id=2999"},"modified":"2023-05-09T18:17:03","modified_gmt":"2023-05-09T18:17:03","slug":"2020-2","status":"publish","type":"page","link":"https:\/\/portuaria.gob.do\/transparencia\/oficina-de-libre-acceso-a-la-informacion\/informacion-clasificada\/2020-2\/","title":{"rendered":"2020"},"content":{"rendered":"\t\t<div data-elementor-type=\"wp-page\" data-elementor-id=\"2999\" class=\"elementor elementor-2999\">\n\t\t\t\t\t\t<section class=\"elementor-section elementor-top-section elementor-element elementor-element-1240c6ce elementor-section-boxed elementor-section-height-default elementor-section-height-default\" data-id=\"1240c6ce\" data-element_type=\"section\" data-e-type=\"section\">\n\t\t\t\t\t\t<div class=\"elementor-container elementor-column-gap-default\">\n\t\t\t\t\t<div class=\"elementor-column elementor-col-100 elementor-top-column elementor-element elementor-element-7760a982\" data-id=\"7760a982\" data-element_type=\"column\" data-e-type=\"column\">\n\t\t\t<div class=\"elementor-widget-wrap elementor-element-populated\">\n\t\t\t\t\t\t<div class=\"elementor-element elementor-element-53ce931d elementor-widget elementor-widget-heading\" data-id=\"53ce931d\" data-element_type=\"widget\" data-e-type=\"widget\" data-widget_type=\"heading.default\">\n\t\t\t\t<div class=\"elementor-widget-container\">\n\t\t\t\t\t<h2 class=\"elementor-heading-title elementor-size-default\">No existe actos de clasificaci\u00f3n de informaci\u00f3n Diciembre 2020.<\/h2>\t\t\t\t<\/div>\n\t\t\t\t<\/div>\n\t\t\t\t\t<\/div>\n\t\t<\/div>\n\t\t\t\t\t<\/div>\n\t\t<\/section>\n\t\t\t\t<section class=\"elementor-section elementor-top-section elementor-element elementor-element-48106d6f elementor-section-boxed elementor-section-height-default elementor-section-height-default\" data-id=\"48106d6f\" data-element_type=\"section\" data-e-type=\"section\">\n\t\t\t\t\t\t<div class=\"elementor-container elementor-column-gap-default\">\n\t\t\t\t\t<div class=\"elementor-column elementor-col-100 elementor-top-column elementor-element elementor-element-708c8d82\" data-id=\"708c8d82\" data-element_type=\"column\" data-e-type=\"column\">\n\t\t\t<div class=\"elementor-widget-wrap elementor-element-populated\">\n\t\t\t\t\t\t<div class=\"elementor-element elementor-element-631d77dd elementor-widget elementor-widget-heading\" data-id=\"631d77dd\" data-element_type=\"widget\" data-e-type=\"widget\" data-widget_type=\"heading.default\">\n\t\t\t\t<div class=\"elementor-widget-container\">\n\t\t\t\t\t<h2 class=\"elementor-heading-title elementor-size-default\">No existe actos de clasificaci\u00f3n de informaci\u00f3n Noviembre 2020.<\/h2>\t\t\t\t<\/div>\n\t\t\t\t<\/div>\n\t\t\t\t\t<\/div>\n\t\t<\/div>\n\t\t\t\t\t<\/div>\n\t\t<\/section>\n\t\t\t\t<section class=\"elementor-section elementor-top-section elementor-element elementor-element-4e3dde04 elementor-section-boxed elementor-section-height-default elementor-section-height-default\" data-id=\"4e3dde04\" data-element_type=\"section\" data-e-type=\"section\">\n\t\t\t\t\t\t<div class=\"elementor-container elementor-column-gap-default\">\n\t\t\t\t\t<div class=\"elementor-column elementor-col-100 elementor-top-column elementor-element elementor-element-7dd4d73\" data-id=\"7dd4d73\" data-element_type=\"column\" data-e-type=\"column\">\n\t\t\t<div class=\"elementor-widget-wrap elementor-element-populated\">\n\t\t\t\t\t\t<div class=\"elementor-element elementor-element-aa93c1d elementor-widget elementor-widget-heading\" data-id=\"aa93c1d\" data-element_type=\"widget\" data-e-type=\"widget\" data-widget_type=\"heading.default\">\n\t\t\t\t<div class=\"elementor-widget-container\">\n\t\t\t\t\t<h2 class=\"elementor-heading-title elementor-size-default\">No existe actos de clasificaci\u00f3n de informaci\u00f3n Octubre 2020.<\/h2>\t\t\t\t<\/div>\n\t\t\t\t<\/div>\n\t\t\t\t\t<\/div>\n\t\t<\/div>\n\t\t\t\t\t<\/div>\n\t\t<\/section>\n\t\t\t\t<section class=\"elementor-section elementor-top-section elementor-element elementor-element-66078199 elementor-section-boxed elementor-section-height-default elementor-section-height-default\" data-id=\"66078199\" data-element_type=\"section\" data-e-type=\"section\">\n\t\t\t\t\t\t<div class=\"elementor-container elementor-column-gap-default\">\n\t\t\t\t\t<div class=\"elementor-column elementor-col-100 elementor-top-column elementor-element elementor-element-75060562\" data-id=\"75060562\" data-element_type=\"column\" data-e-type=\"column\">\n\t\t\t<div class=\"elementor-widget-wrap elementor-element-populated\">\n\t\t\t\t\t\t<div class=\"elementor-element elementor-element-661424ed elementor-widget elementor-widget-heading\" data-id=\"661424ed\" data-element_type=\"widget\" data-e-type=\"widget\" data-widget_type=\"heading.default\">\n\t\t\t\t<div class=\"elementor-widget-container\">\n\t\t\t\t\t<h2 class=\"elementor-heading-title elementor-size-default\">No existe actos de clasificaci\u00f3n de informaci\u00f3n Septiembre 2020.<\/h2>\t\t\t\t<\/div>\n\t\t\t\t<\/div>\n\t\t\t\t\t<\/div>\n\t\t<\/div>\n\t\t\t\t\t<\/div>\n\t\t<\/section>\n\t\t\t\t<section class=\"elementor-section elementor-top-section elementor-element elementor-element-ab6b116 elementor-section-boxed elementor-section-height-default elementor-section-height-default\" data-id=\"ab6b116\" data-element_type=\"section\" data-e-type=\"section\">\n\t\t\t\t\t\t<div class=\"elementor-container elementor-column-gap-default\">\n\t\t\t\t\t<div class=\"elementor-column elementor-col-100 elementor-top-column elementor-element elementor-element-507422e8\" data-id=\"507422e8\" data-element_type=\"column\" data-e-type=\"column\">\n\t\t\t<div class=\"elementor-widget-wrap elementor-element-populated\">\n\t\t\t\t\t\t<div class=\"elementor-element elementor-element-51b5c918 elementor-widget elementor-widget-heading\" data-id=\"51b5c918\" data-element_type=\"widget\" data-e-type=\"widget\" data-widget_type=\"heading.default\">\n\t\t\t\t<div class=\"elementor-widget-container\">\n\t\t\t\t\t<h2 class=\"elementor-heading-title elementor-size-default\">No existe actos de clasificaci\u00f3n de informaci\u00f3n Agosto 2020.<\/h2>\t\t\t\t<\/div>\n\t\t\t\t<\/div>\n\t\t\t\t\t<\/div>\n\t\t<\/div>\n\t\t\t\t\t<\/div>\n\t\t<\/section>\n\t\t\t\t<section class=\"elementor-section elementor-top-section elementor-element elementor-element-43c34412 elementor-section-boxed elementor-section-height-default elementor-section-height-default\" data-id=\"43c34412\" data-element_type=\"section\" data-e-type=\"section\">\n\t\t\t\t\t\t<div class=\"elementor-container elementor-column-gap-default\">\n\t\t\t\t\t<div class=\"elementor-column elementor-col-100 elementor-top-column elementor-element elementor-element-25ade8c\" data-id=\"25ade8c\" data-element_type=\"column\" data-e-type=\"column\">\n\t\t\t<div class=\"elementor-widget-wrap elementor-element-populated\">\n\t\t\t\t\t\t<div class=\"elementor-element elementor-element-6b1b1cab elementor-widget elementor-widget-heading\" data-id=\"6b1b1cab\" data-element_type=\"widget\" data-e-type=\"widget\" data-widget_type=\"heading.default\">\n\t\t\t\t<div class=\"elementor-widget-container\">\n\t\t\t\t\t<h2 class=\"elementor-heading-title elementor-size-default\">No existe actos de clasificaci\u00f3n de informaci\u00f3n Julio 2020.<\/h2>\t\t\t\t<\/div>\n\t\t\t\t<\/div>\n\t\t\t\t\t<\/div>\n\t\t<\/div>\n\t\t\t\t\t<\/div>\n\t\t<\/section>\n\t\t\t\t<section class=\"elementor-section elementor-top-section elementor-element elementor-element-5d48a9ce elementor-section-boxed elementor-section-height-default elementor-section-height-default\" data-id=\"5d48a9ce\" data-element_type=\"section\" data-e-type=\"section\">\n\t\t\t\t\t\t<div class=\"elementor-container elementor-column-gap-default\">\n\t\t\t\t\t<div class=\"elementor-column elementor-col-100 elementor-top-column elementor-element elementor-element-688b387c\" data-id=\"688b387c\" data-element_type=\"column\" data-e-type=\"column\">\n\t\t\t<div class=\"elementor-widget-wrap elementor-element-populated\">\n\t\t\t\t\t\t<div class=\"elementor-element elementor-element-2e69267b elementor-widget elementor-widget-heading\" data-id=\"2e69267b\" data-element_type=\"widget\" data-e-type=\"widget\" data-widget_type=\"heading.default\">\n\t\t\t\t<div class=\"elementor-widget-container\">\n\t\t\t\t\t<h2 class=\"elementor-heading-title elementor-size-default\">No existe actos de clasificaci\u00f3n de informaci\u00f3n Junio 2020.<\/h2>\t\t\t\t<\/div>\n\t\t\t\t<\/div>\n\t\t\t\t\t<\/div>\n\t\t<\/div>\n\t\t\t\t\t<\/div>\n\t\t<\/section>\n\t\t\t\t<section class=\"elementor-section elementor-top-section elementor-element elementor-element-71914e85 elementor-section-boxed elementor-section-height-default elementor-section-height-default\" data-id=\"71914e85\" data-element_type=\"section\" data-e-type=\"section\">\n\t\t\t\t\t\t<div class=\"elementor-container elementor-column-gap-default\">\n\t\t\t\t\t<div class=\"elementor-column elementor-col-100 elementor-top-column elementor-element elementor-element-5fa26337\" data-id=\"5fa26337\" data-element_type=\"column\" data-e-type=\"column\">\n\t\t\t<div class=\"elementor-widget-wrap elementor-element-populated\">\n\t\t\t\t\t\t<div class=\"elementor-element elementor-element-73f65e15 elementor-widget elementor-widget-heading\" data-id=\"73f65e15\" data-element_type=\"widget\" data-e-type=\"widget\" data-widget_type=\"heading.default\">\n\t\t\t\t<div class=\"elementor-widget-container\">\n\t\t\t\t\t<h2 class=\"elementor-heading-title elementor-size-default\">No existe actos de clasificaci\u00f3n de informaci\u00f3n Mayo 2020.<\/h2>\t\t\t\t<\/div>\n\t\t\t\t<\/div>\n\t\t\t\t\t<\/div>\n\t\t<\/div>\n\t\t\t\t\t<\/div>\n\t\t<\/section>\n\t\t\t\t<section class=\"elementor-section elementor-top-section elementor-element elementor-element-25c06890 elementor-section-boxed elementor-section-height-default elementor-section-height-default\" data-id=\"25c06890\" data-element_type=\"section\" data-e-type=\"section\">\n\t\t\t\t\t\t<div class=\"elementor-container elementor-column-gap-default\">\n\t\t\t\t\t<div class=\"elementor-column elementor-col-100 elementor-top-column elementor-element elementor-element-19e40b37\" data-id=\"19e40b37\" data-element_type=\"column\" data-e-type=\"column\">\n\t\t\t<div class=\"elementor-widget-wrap elementor-element-populated\">\n\t\t\t\t\t\t<div class=\"elementor-element elementor-element-17f6462e elementor-widget elementor-widget-heading\" data-id=\"17f6462e\" data-element_type=\"widget\" data-e-type=\"widget\" data-widget_type=\"heading.default\">\n\t\t\t\t<div class=\"elementor-widget-container\">\n\t\t\t\t\t<h2 class=\"elementor-heading-title elementor-size-default\">No existe actos de clasificaci\u00f3n de informaci\u00f3n Abril 2020.<\/h2>\t\t\t\t<\/div>\n\t\t\t\t<\/div>\n\t\t\t\t\t<\/div>\n\t\t<\/div>\n\t\t\t\t\t<\/div>\n\t\t<\/section>\n\t\t\t\t<section class=\"elementor-section elementor-top-section elementor-element elementor-element-64eb9cc3 elementor-section-boxed elementor-section-height-default elementor-section-height-default\" data-id=\"64eb9cc3\" data-element_type=\"section\" data-e-type=\"section\">\n\t\t\t\t\t\t<div class=\"elementor-container elementor-column-gap-default\">\n\t\t\t\t\t<div class=\"elementor-column elementor-col-100 elementor-top-column elementor-element elementor-element-42c8ee03\" data-id=\"42c8ee03\" data-element_type=\"column\" data-e-type=\"column\">\n\t\t\t<div class=\"elementor-widget-wrap elementor-element-populated\">\n\t\t\t\t\t\t<div class=\"elementor-element elementor-element-f23d1bc elementor-widget elementor-widget-heading\" data-id=\"f23d1bc\" data-element_type=\"widget\" data-e-type=\"widget\" data-widget_type=\"heading.default\">\n\t\t\t\t<div class=\"elementor-widget-container\">\n\t\t\t\t\t<h2 class=\"elementor-heading-title elementor-size-default\">No existe actos de clasificaci\u00f3n de informaci\u00f3n Marzo 2020.<\/h2>\t\t\t\t<\/div>\n\t\t\t\t<\/div>\n\t\t\t\t\t<\/div>\n\t\t<\/div>\n\t\t\t\t\t<\/div>\n\t\t<\/section>\n\t\t\t\t<section class=\"elementor-section elementor-top-section elementor-element elementor-element-7bb54ebb elementor-section-boxed elementor-section-height-default elementor-section-height-default\" data-id=\"7bb54ebb\" data-element_type=\"section\" data-e-type=\"section\">\n\t\t\t\t\t\t<div class=\"elementor-container elementor-column-gap-default\">\n\t\t\t\t\t<div class=\"elementor-column elementor-col-100 elementor-top-column elementor-element elementor-element-37d170c0\" data-id=\"37d170c0\" data-element_type=\"column\" data-e-type=\"column\">\n\t\t\t<div class=\"elementor-widget-wrap elementor-element-populated\">\n\t\t\t\t\t\t<div class=\"elementor-element elementor-element-80e94ae elementor-widget elementor-widget-heading\" data-id=\"80e94ae\" data-element_type=\"widget\" data-e-type=\"widget\" data-widget_type=\"heading.default\">\n\t\t\t\t<div class=\"elementor-widget-container\">\n\t\t\t\t\t<h2 class=\"elementor-heading-title elementor-size-default\">No existe actos de clasificaci\u00f3n de informaci\u00f3n Febrero 2020.<\/h2>\t\t\t\t<\/div>\n\t\t\t\t<\/div>\n\t\t\t\t\t<\/div>\n\t\t<\/div>\n\t\t\t\t\t<\/div>\n\t\t<\/section>\n\t\t\t\t<section class=\"elementor-section elementor-top-section elementor-element elementor-element-2ebc29ad elementor-section-boxed elementor-section-height-default elementor-section-height-default\" data-id=\"2ebc29ad\" data-element_type=\"section\" data-e-type=\"section\">\n\t\t\t\t\t\t<div class=\"elementor-container elementor-column-gap-default\">\n\t\t\t\t\t<div class=\"elementor-column elementor-col-100 elementor-top-column elementor-element elementor-element-3b7f319b\" data-id=\"3b7f319b\" data-element_type=\"column\" data-e-type=\"column\">\n\t\t\t<div class=\"elementor-widget-wrap elementor-element-populated\">\n\t\t\t\t\t\t<div class=\"elementor-element elementor-element-35feb8f1 elementor-widget elementor-widget-heading\" data-id=\"35feb8f1\" data-element_type=\"widget\" data-e-type=\"widget\" data-widget_type=\"heading.default\">\n\t\t\t\t<div class=\"elementor-widget-container\">\n\t\t\t\t\t<h2 class=\"elementor-heading-title elementor-size-default\">No existe actos de clasificaci\u00f3n de informaci\u00f3n Enero 2020.<\/h2>\t\t\t\t<\/div>\n\t\t\t\t<\/div>\n\t\t\t\t\t<\/div>\n\t\t<\/div>\n\t\t\t\t\t<\/div>\n\t\t<\/section>\n\t\t\t\t<\/div>\n\t\t","protected":false},"excerpt":{"rendered":"<p>No existe actos de clasificaci\u00f3n de informaci\u00f3n Diciembre 2020. No existe actos de clasificaci\u00f3n de informaci\u00f3n Noviembre 2020. No existe actos de clasificaci\u00f3n de informaci\u00f3n Octubre 2020. No existe actos de clasificaci\u00f3n de informaci\u00f3n Septiembre 2020. No existe actos de clasificaci\u00f3n de informaci\u00f3n Agosto 2020. No existe actos de clasificaci\u00f3n de informaci\u00f3n Julio 2020. No [&hellip;]<\/p>\n","protected":false},"author":10,"featured_media":0,"parent":264,"menu_order":0,"comment_status":"closed","ping_status":"closed","template":"","meta":{"_acf_changed":false,"footnotes":""},"class_list":["post-2999","page","type-page","status-publish","hentry"],"acf":[],"yoast_head":"<!-- This site is optimized with the Yoast SEO plugin v26.9 - https:\/\/yoast.com\/product\/yoast-seo-wordpress\/ -->\n<title>2020 - Transparencia<\/title>\n<meta name=\"robots\" content=\"index, follow, max-snippet:-1, max-image-preview:large, max-video-preview:-1\" \/>\n<link rel=\"canonical\" href=\"https:\/\/portuaria.gob.do\/transparencia\/oficina-de-libre-acceso-a-la-informacion\/informacion-clasificada\/2020-2\/\" \/>\n<meta property=\"og:locale\" content=\"es_ES\" \/>\n<meta property=\"og:type\" content=\"article\" \/>\n<meta property=\"og:title\" content=\"2020 - Transparencia\" \/>\n<meta property=\"og:description\" content=\"No existe actos de clasificaci\u00f3n de informaci\u00f3n Diciembre 2020. No existe actos de clasificaci\u00f3n de informaci\u00f3n Noviembre 2020. No existe actos de clasificaci\u00f3n de informaci\u00f3n Octubre 2020. No existe actos de clasificaci\u00f3n de informaci\u00f3n Septiembre 2020. No existe actos de clasificaci\u00f3n de informaci\u00f3n Agosto 2020. No existe actos de clasificaci\u00f3n de informaci\u00f3n Julio 2020. No [&hellip;]\" \/>\n<meta property=\"og:url\" content=\"https:\/\/portuaria.gob.do\/transparencia\/oficina-de-libre-acceso-a-la-informacion\/informacion-clasificada\/2020-2\/\" \/>\n<meta property=\"og:site_name\" content=\"Transparencia\" \/>\n<meta property=\"article:modified_time\" content=\"2023-05-09T18:17:03+00:00\" \/>\n<meta name=\"twitter:card\" content=\"summary_large_image\" \/>\n<meta name=\"twitter:label1\" content=\"Tiempo de lectura\" \/>\n\t<meta name=\"twitter:data1\" content=\"1 minuto\" \/>\n<script type=\"application\/ld+json\" class=\"yoast-schema-graph\">{\"@context\":\"https:\/\/schema.org\",\"@graph\":[{\"@type\":\"WebPage\",\"@id\":\"https:\/\/portuaria.gob.do\/transparencia\/oficina-de-libre-acceso-a-la-informacion\/informacion-clasificada\/2020-2\/\",\"url\":\"https:\/\/portuaria.gob.do\/transparencia\/oficina-de-libre-acceso-a-la-informacion\/informacion-clasificada\/2020-2\/\",\"name\":\"2020 - Transparencia\",\"isPartOf\":{\"@id\":\"https:\/\/portuaria.gob.do\/transparencia\/#website\"},\"datePublished\":\"2022-02-11T13:15:00+00:00\",\"dateModified\":\"2023-05-09T18:17:03+00:00\",\"breadcrumb\":{\"@id\":\"https:\/\/portuaria.gob.do\/transparencia\/oficina-de-libre-acceso-a-la-informacion\/informacion-clasificada\/2020-2\/#breadcrumb\"},\"inLanguage\":\"es\",\"potentialAction\":[{\"@type\":\"ReadAction\",\"target\":[\"https:\/\/portuaria.gob.do\/transparencia\/oficina-de-libre-acceso-a-la-informacion\/informacion-clasificada\/2020-2\/\"]}]},{\"@type\":\"BreadcrumbList\",\"@id\":\"https:\/\/portuaria.gob.do\/transparencia\/oficina-de-libre-acceso-a-la-informacion\/informacion-clasificada\/2020-2\/#breadcrumb\",\"itemListElement\":[{\"@type\":\"ListItem\",\"position\":1,\"name\":\"Portada\",\"item\":\"https:\/\/portuaria.gob.do\/transparencia\/\"},{\"@type\":\"ListItem\",\"position\":2,\"name\":\"Oficina de Libre Acceso a la Informaci\u00f3n\",\"item\":\"https:\/\/portuaria.gob.do\/transparencia\/oficina-de-libre-acceso-a-la-informacion\/\"},{\"@type\":\"ListItem\",\"position\":3,\"name\":\"Informaci\u00f3n clasificada\",\"item\":\"https:\/\/portuaria.gob.do\/transparencia\/oficina-de-libre-acceso-a-la-informacion\/informacion-clasificada\/\"},{\"@type\":\"ListItem\",\"position\":4,\"name\":\"2020\"}]},{\"@type\":\"WebSite\",\"@id\":\"https:\/\/portuaria.gob.do\/transparencia\/#website\",\"url\":\"https:\/\/portuaria.gob.do\/transparencia\/\",\"name\":\"Transparencia\",\"description\":\"Otro sitio m\u00e1s de Portuaria sitios\",\"potentialAction\":[{\"@type\":\"SearchAction\",\"target\":{\"@type\":\"EntryPoint\",\"urlTemplate\":\"https:\/\/portuaria.gob.do\/transparencia\/?s={search_term_string}\"},\"query-input\":{\"@type\":\"PropertyValueSpecification\",\"valueRequired\":true,\"valueName\":\"search_term_string\"}}],\"inLanguage\":\"es\"}]}<\/script>\n<!-- \/ Yoast SEO plugin. -->","yoast_head_json":{"title":"2020 - Transparencia","robots":{"index":"index","follow":"follow","max-snippet":"max-snippet:-1","max-image-preview":"max-image-preview:large","max-video-preview":"max-video-preview:-1"},"canonical":"https:\/\/portuaria.gob.do\/transparencia\/oficina-de-libre-acceso-a-la-informacion\/informacion-clasificada\/2020-2\/","og_locale":"es_ES","og_type":"article","og_title":"2020 - Transparencia","og_description":"No existe actos de clasificaci\u00f3n de informaci\u00f3n Diciembre 2020. No existe actos de clasificaci\u00f3n de informaci\u00f3n Noviembre 2020. No existe actos de clasificaci\u00f3n de informaci\u00f3n Octubre 2020. No existe actos de clasificaci\u00f3n de informaci\u00f3n Septiembre 2020. No existe actos de clasificaci\u00f3n de informaci\u00f3n Agosto 2020. No existe actos de clasificaci\u00f3n de informaci\u00f3n Julio 2020. No [&hellip;]","og_url":"https:\/\/portuaria.gob.do\/transparencia\/oficina-de-libre-acceso-a-la-informacion\/informacion-clasificada\/2020-2\/","og_site_name":"Transparencia","article_modified_time":"2023-05-09T18:17:03+00:00","twitter_card":"summary_large_image","twitter_misc":{"Tiempo de lectura":"1 minuto"},"schema":{"@context":"https:\/\/schema.org","@graph":[{"@type":"WebPage","@id":"https:\/\/portuaria.gob.do\/transparencia\/oficina-de-libre-acceso-a-la-informacion\/informacion-clasificada\/2020-2\/","url":"https:\/\/portuaria.gob.do\/transparencia\/oficina-de-libre-acceso-a-la-informacion\/informacion-clasificada\/2020-2\/","name":"2020 - Transparencia","isPartOf":{"@id":"https:\/\/portuaria.gob.do\/transparencia\/#website"},"datePublished":"2022-02-11T13:15:00+00:00","dateModified":"2023-05-09T18:17:03+00:00","breadcrumb":{"@id":"https:\/\/portuaria.gob.do\/transparencia\/oficina-de-libre-acceso-a-la-informacion\/informacion-clasificada\/2020-2\/#breadcrumb"},"inLanguage":"es","potentialAction":[{"@type":"ReadAction","target":["https:\/\/portuaria.gob.do\/transparencia\/oficina-de-libre-acceso-a-la-informacion\/informacion-clasificada\/2020-2\/"]}]},{"@type":"BreadcrumbList","@id":"https:\/\/portuaria.gob.do\/transparencia\/oficina-de-libre-acceso-a-la-informacion\/informacion-clasificada\/2020-2\/#breadcrumb","itemListElement":[{"@type":"ListItem","position":1,"name":"Portada","item":"https:\/\/portuaria.gob.do\/transparencia\/"},{"@type":"ListItem","position":2,"name":"Oficina de Libre Acceso a la Informaci\u00f3n","item":"https:\/\/portuaria.gob.do\/transparencia\/oficina-de-libre-acceso-a-la-informacion\/"},{"@type":"ListItem","position":3,"name":"Informaci\u00f3n clasificada","item":"https:\/\/portuaria.gob.do\/transparencia\/oficina-de-libre-acceso-a-la-informacion\/informacion-clasificada\/"},{"@type":"ListItem","position":4,"name":"2020"}]},{"@type":"WebSite","@id":"https:\/\/portuaria.gob.do\/transparencia\/#website","url":"https:\/\/portuaria.gob.do\/transparencia\/","name":"Transparencia","description":"Otro sitio m\u00e1s de Portuaria sitios","potentialAction":[{"@type":"SearchAction","target":{"@type":"EntryPoint","urlTemplate":"https:\/\/portuaria.gob.do\/transparencia\/?s={search_term_string}"},"query-input":{"@type":"PropertyValueSpecification","valueRequired":true,"valueName":"search_term_string"}}],"inLanguage":"es"}]}},"_links":{"self":[{"href":"https:\/\/portuaria.gob.do\/transparencia\/wp-json\/wp\/v2\/pages\/2999","targetHints":{"allow":["GET"]}}],"collection":[{"href":"https:\/\/portuaria.gob.do\/transparencia\/wp-json\/wp\/v2\/pages"}],"about":[{"href":"https:\/\/portuaria.gob.do\/transparencia\/wp-json\/wp\/v2\/types\/page"}],"author":[{"embeddable":true,"href":"https:\/\/portuaria.gob.do\/transparencia\/wp-json\/wp\/v2\/users\/10"}],"replies":[{"embeddable":true,"href":"https:\/\/portuaria.gob.do\/transparencia\/wp-json\/wp\/v2\/comments?post=2999"}],"version-history":[{"count":4,"href":"https:\/\/portuaria.gob.do\/transparencia\/wp-json\/wp\/v2\/pages\/2999\/revisions"}],"predecessor-version":[{"id":6983,"href":"https:\/\/portuaria.gob.do\/transparencia\/wp-json\/wp\/v2\/pages\/2999\/revisions\/6983"}],"up":[{"embeddable":true,"href":"https:\/\/portuaria.gob.do\/transparencia\/wp-json\/wp\/v2\/pages\/264"}],"wp:attachment":[{"href":"https:\/\/portuaria.gob.do\/transparencia\/wp-json\/wp\/v2\/media?parent=2999"}],"curies":[{"name":"wp","href":"https:\/\/api.w.org\/{rel}","templated":true}]}}