{"id":3770,"date":"2022-02-23T18:32:06","date_gmt":"2022-02-23T18:32:06","guid":{"rendered":"https:\/\/portuaria.gob.do\/transparencia\/?page_id=3770"},"modified":"2023-05-09T17:52:37","modified_gmt":"2023-05-09T17:52:37","slug":"2022-2","status":"publish","type":"page","link":"https:\/\/portuaria.gob.do\/transparencia\/consultas-publicas\/relacion-de-consultas-publicas\/2022-2\/","title":{"rendered":"2022"},"content":{"rendered":"\t\t<div data-elementor-type=\"wp-page\" data-elementor-id=\"3770\" class=\"elementor elementor-3770\">\n\t\t\t\t\t\t<section class=\"elementor-section elementor-top-section elementor-element elementor-element-52b97282 elementor-section-boxed elementor-section-height-default elementor-section-height-default\" data-id=\"52b97282\" data-element_type=\"section\" data-e-type=\"section\">\n\t\t\t\t\t\t<div class=\"elementor-container elementor-column-gap-default\">\n\t\t\t\t\t<div class=\"elementor-column elementor-col-100 elementor-top-column elementor-element elementor-element-69c9537a\" data-id=\"69c9537a\" data-element_type=\"column\" data-e-type=\"column\">\n\t\t\t<div class=\"elementor-widget-wrap elementor-element-populated\">\n\t\t\t\t\t\t<div class=\"elementor-element elementor-element-1f988fe6 elementor-widget elementor-widget-heading\" data-id=\"1f988fe6\" data-element_type=\"widget\" data-e-type=\"widget\" data-widget_type=\"heading.default\">\n\t\t\t\t<div class=\"elementor-widget-container\">\n\t\t\t\t\t<h2 class=\"elementor-heading-title elementor-size-default\">Durante el mes de Diciembre no se realiz\u00f3 ning\u00fan proceso bajo esta modalidad.<\/h2>\t\t\t\t<\/div>\n\t\t\t\t<\/div>\n\t\t\t\t\t<\/div>\n\t\t<\/div>\n\t\t\t\t\t<\/div>\n\t\t<\/section>\n\t\t\t\t<section class=\"elementor-section elementor-top-section elementor-element elementor-element-3961ea7b elementor-section-boxed elementor-section-height-default elementor-section-height-default\" data-id=\"3961ea7b\" data-element_type=\"section\" data-e-type=\"section\">\n\t\t\t\t\t\t<div class=\"elementor-container elementor-column-gap-default\">\n\t\t\t\t\t<div class=\"elementor-column elementor-col-100 elementor-top-column elementor-element elementor-element-f1363a\" data-id=\"f1363a\" data-element_type=\"column\" data-e-type=\"column\">\n\t\t\t<div class=\"elementor-widget-wrap elementor-element-populated\">\n\t\t\t\t\t\t<div class=\"elementor-element elementor-element-f20b1dd elementor-widget elementor-widget-heading\" data-id=\"f20b1dd\" data-element_type=\"widget\" data-e-type=\"widget\" data-widget_type=\"heading.default\">\n\t\t\t\t<div class=\"elementor-widget-container\">\n\t\t\t\t\t<h2 class=\"elementor-heading-title elementor-size-default\">Durante el mes de Noviembre no se realiz\u00f3 ning\u00fan proceso bajo esta modalidad.<\/h2>\t\t\t\t<\/div>\n\t\t\t\t<\/div>\n\t\t\t\t\t<\/div>\n\t\t<\/div>\n\t\t\t\t\t<\/div>\n\t\t<\/section>\n\t\t\t\t<section class=\"elementor-section elementor-top-section elementor-element elementor-element-4ef7dbea elementor-section-boxed elementor-section-height-default elementor-section-height-default\" data-id=\"4ef7dbea\" data-element_type=\"section\" data-e-type=\"section\">\n\t\t\t\t\t\t<div class=\"elementor-container elementor-column-gap-default\">\n\t\t\t\t\t<div class=\"elementor-column elementor-col-100 elementor-top-column elementor-element elementor-element-59221878\" data-id=\"59221878\" data-element_type=\"column\" data-e-type=\"column\">\n\t\t\t<div class=\"elementor-widget-wrap elementor-element-populated\">\n\t\t\t\t\t\t<div class=\"elementor-element elementor-element-3b643ce0 elementor-widget elementor-widget-heading\" data-id=\"3b643ce0\" data-element_type=\"widget\" data-e-type=\"widget\" data-widget_type=\"heading.default\">\n\t\t\t\t<div class=\"elementor-widget-container\">\n\t\t\t\t\t<h2 class=\"elementor-heading-title elementor-size-default\">Durante el mes de Octubre no se realiz\u00f3 ning\u00fan proceso bajo esta modalidad.<\/h2>\t\t\t\t<\/div>\n\t\t\t\t<\/div>\n\t\t\t\t\t<\/div>\n\t\t<\/div>\n\t\t\t\t\t<\/div>\n\t\t<\/section>\n\t\t\t\t<section class=\"elementor-section elementor-top-section elementor-element elementor-element-e7ab734 elementor-section-boxed elementor-section-height-default elementor-section-height-default\" data-id=\"e7ab734\" data-element_type=\"section\" data-e-type=\"section\">\n\t\t\t\t\t\t<div class=\"elementor-container elementor-column-gap-default\">\n\t\t\t\t\t<div class=\"elementor-column elementor-col-100 elementor-top-column elementor-element elementor-element-60f11806\" data-id=\"60f11806\" data-element_type=\"column\" data-e-type=\"column\">\n\t\t\t<div class=\"elementor-widget-wrap elementor-element-populated\">\n\t\t\t\t\t\t<div class=\"elementor-element elementor-element-33be1bd8 elementor-widget elementor-widget-heading\" data-id=\"33be1bd8\" data-element_type=\"widget\" data-e-type=\"widget\" data-widget_type=\"heading.default\">\n\t\t\t\t<div class=\"elementor-widget-container\">\n\t\t\t\t\t<h2 class=\"elementor-heading-title elementor-size-default\">Durante el mes de Septiembre no se realiz\u00f3 ning\u00fan proceso bajo esta modalidad.<\/h2>\t\t\t\t<\/div>\n\t\t\t\t<\/div>\n\t\t\t\t\t<\/div>\n\t\t<\/div>\n\t\t\t\t\t<\/div>\n\t\t<\/section>\n\t\t\t\t<section class=\"elementor-section elementor-top-section elementor-element elementor-element-571480f2 elementor-section-boxed elementor-section-height-default elementor-section-height-default\" data-id=\"571480f2\" data-element_type=\"section\" data-e-type=\"section\">\n\t\t\t\t\t\t<div class=\"elementor-container elementor-column-gap-default\">\n\t\t\t\t\t<div class=\"elementor-column elementor-col-100 elementor-top-column elementor-element elementor-element-5dcc6c3\" data-id=\"5dcc6c3\" data-element_type=\"column\" data-e-type=\"column\">\n\t\t\t<div class=\"elementor-widget-wrap elementor-element-populated\">\n\t\t\t\t\t\t<div class=\"elementor-element elementor-element-bffe91b elementor-widget elementor-widget-heading\" data-id=\"bffe91b\" data-element_type=\"widget\" data-e-type=\"widget\" data-widget_type=\"heading.default\">\n\t\t\t\t<div class=\"elementor-widget-container\">\n\t\t\t\t\t<h2 class=\"elementor-heading-title elementor-size-default\">Durante el mes de Agosto no se realiz\u00f3 ning\u00fan proceso bajo esta modalidad.<\/h2>\t\t\t\t<\/div>\n\t\t\t\t<\/div>\n\t\t\t\t\t<\/div>\n\t\t<\/div>\n\t\t\t\t\t<\/div>\n\t\t<\/section>\n\t\t\t\t<section class=\"elementor-section elementor-top-section elementor-element elementor-element-9321a3c elementor-section-boxed elementor-section-height-default elementor-section-height-default\" data-id=\"9321a3c\" data-element_type=\"section\" data-e-type=\"section\">\n\t\t\t\t\t\t<div class=\"elementor-container elementor-column-gap-default\">\n\t\t\t\t\t<div class=\"elementor-column elementor-col-100 elementor-top-column elementor-element elementor-element-7289e963\" data-id=\"7289e963\" data-element_type=\"column\" data-e-type=\"column\">\n\t\t\t<div class=\"elementor-widget-wrap elementor-element-populated\">\n\t\t\t\t\t\t<div class=\"elementor-element elementor-element-40b6666b elementor-widget elementor-widget-heading\" data-id=\"40b6666b\" data-element_type=\"widget\" data-e-type=\"widget\" data-widget_type=\"heading.default\">\n\t\t\t\t<div class=\"elementor-widget-container\">\n\t\t\t\t\t<h2 class=\"elementor-heading-title elementor-size-default\">Durante el mes de Julio no se realiz\u00f3 ning\u00fan proceso bajo esta modalidad.<\/h2>\t\t\t\t<\/div>\n\t\t\t\t<\/div>\n\t\t\t\t\t<\/div>\n\t\t<\/div>\n\t\t\t\t\t<\/div>\n\t\t<\/section>\n\t\t\t\t<section class=\"elementor-section elementor-top-section elementor-element elementor-element-4ace8686 elementor-section-boxed elementor-section-height-default elementor-section-height-default\" data-id=\"4ace8686\" data-element_type=\"section\" data-e-type=\"section\">\n\t\t\t\t\t\t<div class=\"elementor-container elementor-column-gap-default\">\n\t\t\t\t\t<div class=\"elementor-column elementor-col-100 elementor-top-column elementor-element elementor-element-1f418dac\" data-id=\"1f418dac\" data-element_type=\"column\" data-e-type=\"column\">\n\t\t\t<div class=\"elementor-widget-wrap elementor-element-populated\">\n\t\t\t\t\t\t<div class=\"elementor-element elementor-element-3efb68d2 elementor-widget elementor-widget-heading\" data-id=\"3efb68d2\" data-element_type=\"widget\" data-e-type=\"widget\" data-widget_type=\"heading.default\">\n\t\t\t\t<div class=\"elementor-widget-container\">\n\t\t\t\t\t<h2 class=\"elementor-heading-title elementor-size-default\">Durante el mes de Junio no se realiz\u00f3 ning\u00fan proceso bajo esta modalidad.<\/h2>\t\t\t\t<\/div>\n\t\t\t\t<\/div>\n\t\t\t\t\t<\/div>\n\t\t<\/div>\n\t\t\t\t\t<\/div>\n\t\t<\/section>\n\t\t\t\t<section class=\"elementor-section elementor-top-section elementor-element elementor-element-7d6a77ec elementor-section-boxed elementor-section-height-default elementor-section-height-default\" data-id=\"7d6a77ec\" data-element_type=\"section\" data-e-type=\"section\">\n\t\t\t\t\t\t<div class=\"elementor-container elementor-column-gap-default\">\n\t\t\t\t\t<div class=\"elementor-column elementor-col-100 elementor-top-column elementor-element elementor-element-79f32ef3\" data-id=\"79f32ef3\" data-element_type=\"column\" data-e-type=\"column\">\n\t\t\t<div class=\"elementor-widget-wrap elementor-element-populated\">\n\t\t\t\t\t\t<div class=\"elementor-element elementor-element-7d59b88 elementor-widget elementor-widget-heading\" data-id=\"7d59b88\" data-element_type=\"widget\" data-e-type=\"widget\" data-widget_type=\"heading.default\">\n\t\t\t\t<div class=\"elementor-widget-container\">\n\t\t\t\t\t<h2 class=\"elementor-heading-title elementor-size-default\">Durante el mes de Mayo no se realiz\u00f3 ning\u00fan proceso bajo esta modalidad.<\/h2>\t\t\t\t<\/div>\n\t\t\t\t<\/div>\n\t\t\t\t\t<\/div>\n\t\t<\/div>\n\t\t\t\t\t<\/div>\n\t\t<\/section>\n\t\t\t\t<section class=\"elementor-section elementor-top-section elementor-element elementor-element-6da30300 elementor-section-boxed elementor-section-height-default elementor-section-height-default\" data-id=\"6da30300\" data-element_type=\"section\" data-e-type=\"section\">\n\t\t\t\t\t\t<div class=\"elementor-container elementor-column-gap-default\">\n\t\t\t\t\t<div class=\"elementor-column elementor-col-100 elementor-top-column elementor-element elementor-element-3ceff0b9\" data-id=\"3ceff0b9\" data-element_type=\"column\" data-e-type=\"column\">\n\t\t\t<div class=\"elementor-widget-wrap elementor-element-populated\">\n\t\t\t\t\t\t<div class=\"elementor-element elementor-element-7d72eea0 elementor-widget elementor-widget-heading\" data-id=\"7d72eea0\" data-element_type=\"widget\" data-e-type=\"widget\" data-widget_type=\"heading.default\">\n\t\t\t\t<div class=\"elementor-widget-container\">\n\t\t\t\t\t<h2 class=\"elementor-heading-title elementor-size-default\">Durante el mes de Abril  no se realiz\u00f3 ning\u00fan proceso bajo esta modalidad.<\/h2>\t\t\t\t<\/div>\n\t\t\t\t<\/div>\n\t\t\t\t\t<\/div>\n\t\t<\/div>\n\t\t\t\t\t<\/div>\n\t\t<\/section>\n\t\t\t\t<section class=\"elementor-section elementor-top-section elementor-element elementor-element-2772b0c7 elementor-section-boxed elementor-section-height-default elementor-section-height-default\" data-id=\"2772b0c7\" data-element_type=\"section\" data-e-type=\"section\">\n\t\t\t\t\t\t<div class=\"elementor-container elementor-column-gap-default\">\n\t\t\t\t\t<div class=\"elementor-column elementor-col-100 elementor-top-column elementor-element elementor-element-1b8d0438\" data-id=\"1b8d0438\" data-element_type=\"column\" data-e-type=\"column\">\n\t\t\t<div class=\"elementor-widget-wrap elementor-element-populated\">\n\t\t\t\t\t\t<div class=\"elementor-element elementor-element-70a77feb elementor-widget elementor-widget-heading\" data-id=\"70a77feb\" data-element_type=\"widget\" data-e-type=\"widget\" data-widget_type=\"heading.default\">\n\t\t\t\t<div class=\"elementor-widget-container\">\n\t\t\t\t\t<h2 class=\"elementor-heading-title elementor-size-default\">Durante el mes de Marzo no se realiz\u00f3 ning\u00fan proceso bajo esta modalidad.<\/h2>\t\t\t\t<\/div>\n\t\t\t\t<\/div>\n\t\t\t\t\t<\/div>\n\t\t<\/div>\n\t\t\t\t\t<\/div>\n\t\t<\/section>\n\t\t\t\t<section class=\"elementor-section elementor-top-section elementor-element elementor-element-e188890 elementor-section-boxed elementor-section-height-default elementor-section-height-default\" data-id=\"e188890\" data-element_type=\"section\" data-e-type=\"section\">\n\t\t\t\t\t\t<div class=\"elementor-container elementor-column-gap-default\">\n\t\t\t\t\t<div class=\"elementor-column elementor-col-100 elementor-top-column elementor-element elementor-element-73319dca\" data-id=\"73319dca\" data-element_type=\"column\" data-e-type=\"column\">\n\t\t\t<div class=\"elementor-widget-wrap elementor-element-populated\">\n\t\t\t\t\t\t<div class=\"elementor-element elementor-element-398e46ac elementor-widget elementor-widget-heading\" data-id=\"398e46ac\" data-element_type=\"widget\" data-e-type=\"widget\" data-widget_type=\"heading.default\">\n\t\t\t\t<div class=\"elementor-widget-container\">\n\t\t\t\t\t<h2 class=\"elementor-heading-title elementor-size-default\">Durante el mes de Febrero no se realiz\u00f3 ning\u00fan proceso bajo esta modalidad.<\/h2>\t\t\t\t<\/div>\n\t\t\t\t<\/div>\n\t\t\t\t\t<\/div>\n\t\t<\/div>\n\t\t\t\t\t<\/div>\n\t\t<\/section>\n\t\t\t\t<section class=\"elementor-section elementor-top-section elementor-element elementor-element-8592886 elementor-section-boxed elementor-section-height-default elementor-section-height-default\" data-id=\"8592886\" data-element_type=\"section\" data-e-type=\"section\">\n\t\t\t\t\t\t<div class=\"elementor-container elementor-column-gap-default\">\n\t\t\t\t\t<div class=\"elementor-column elementor-col-100 elementor-top-column elementor-element elementor-element-73e18298\" data-id=\"73e18298\" data-element_type=\"column\" data-e-type=\"column\">\n\t\t\t<div class=\"elementor-widget-wrap elementor-element-populated\">\n\t\t\t\t\t\t<div class=\"elementor-element elementor-element-7a48c90d elementor-widget elementor-widget-heading\" data-id=\"7a48c90d\" data-element_type=\"widget\" data-e-type=\"widget\" data-widget_type=\"heading.default\">\n\t\t\t\t<div class=\"elementor-widget-container\">\n\t\t\t\t\t<h2 class=\"elementor-heading-title elementor-size-default\">Durante el mes de Enero no se realiz\u00f3 ning\u00fan proceso bajo esta modalidad.<\/h2>\t\t\t\t<\/div>\n\t\t\t\t<\/div>\n\t\t\t\t\t<\/div>\n\t\t<\/div>\n\t\t\t\t\t<\/div>\n\t\t<\/section>\n\t\t\t\t<\/div>\n\t\t","protected":false},"excerpt":{"rendered":"<p>Durante el mes de Diciembre no se realiz\u00f3 ning\u00fan proceso bajo esta modalidad. Durante el mes de Noviembre no se realiz\u00f3 ning\u00fan proceso bajo esta modalidad. Durante el mes de Octubre no se realiz\u00f3 ning\u00fan proceso bajo esta modalidad. Durante el mes de Septiembre no se realiz\u00f3 ning\u00fan proceso bajo esta modalidad. Durante el mes [&hellip;]<\/p>\n","protected":false},"author":17,"featured_media":0,"parent":3042,"menu_order":0,"comment_status":"closed","ping_status":"closed","template":"","meta":{"_acf_changed":false,"footnotes":""},"class_list":["post-3770","page","type-page","status-publish","hentry"],"acf":[],"yoast_head":"<!-- This site is optimized with the Yoast SEO plugin v26.9 - https:\/\/yoast.com\/product\/yoast-seo-wordpress\/ -->\n<title>2022 - Transparencia<\/title>\n<meta name=\"robots\" content=\"index, follow, max-snippet:-1, max-image-preview:large, max-video-preview:-1\" \/>\n<link rel=\"canonical\" href=\"https:\/\/portuaria.gob.do\/transparencia\/consultas-publicas\/relacion-de-consultas-publicas\/2022-2\/\" \/>\n<meta property=\"og:locale\" content=\"es_ES\" \/>\n<meta property=\"og:type\" content=\"article\" \/>\n<meta property=\"og:title\" content=\"2022 - Transparencia\" \/>\n<meta property=\"og:description\" content=\"Durante el mes de Diciembre no se realiz\u00f3 ning\u00fan proceso bajo esta modalidad. Durante el mes de Noviembre no se realiz\u00f3 ning\u00fan proceso bajo esta modalidad. Durante el mes de Octubre no se realiz\u00f3 ning\u00fan proceso bajo esta modalidad. Durante el mes de Septiembre no se realiz\u00f3 ning\u00fan proceso bajo esta modalidad. Durante el mes [&hellip;]\" \/>\n<meta property=\"og:url\" content=\"https:\/\/portuaria.gob.do\/transparencia\/consultas-publicas\/relacion-de-consultas-publicas\/2022-2\/\" \/>\n<meta property=\"og:site_name\" content=\"Transparencia\" \/>\n<meta property=\"article:modified_time\" content=\"2023-05-09T17:52:37+00:00\" \/>\n<meta name=\"twitter:card\" content=\"summary_large_image\" \/>\n<meta name=\"twitter:label1\" content=\"Tiempo de lectura\" \/>\n\t<meta name=\"twitter:data1\" content=\"1 minuto\" \/>\n<script type=\"application\/ld+json\" class=\"yoast-schema-graph\">{\"@context\":\"https:\/\/schema.org\",\"@graph\":[{\"@type\":\"WebPage\",\"@id\":\"https:\/\/portuaria.gob.do\/transparencia\/consultas-publicas\/relacion-de-consultas-publicas\/2022-2\/\",\"url\":\"https:\/\/portuaria.gob.do\/transparencia\/consultas-publicas\/relacion-de-consultas-publicas\/2022-2\/\",\"name\":\"2022 - Transparencia\",\"isPartOf\":{\"@id\":\"https:\/\/portuaria.gob.do\/transparencia\/#website\"},\"datePublished\":\"2022-02-23T18:32:06+00:00\",\"dateModified\":\"2023-05-09T17:52:37+00:00\",\"breadcrumb\":{\"@id\":\"https:\/\/portuaria.gob.do\/transparencia\/consultas-publicas\/relacion-de-consultas-publicas\/2022-2\/#breadcrumb\"},\"inLanguage\":\"es\",\"potentialAction\":[{\"@type\":\"ReadAction\",\"target\":[\"https:\/\/portuaria.gob.do\/transparencia\/consultas-publicas\/relacion-de-consultas-publicas\/2022-2\/\"]}]},{\"@type\":\"BreadcrumbList\",\"@id\":\"https:\/\/portuaria.gob.do\/transparencia\/consultas-publicas\/relacion-de-consultas-publicas\/2022-2\/#breadcrumb\",\"itemListElement\":[{\"@type\":\"ListItem\",\"position\":1,\"name\":\"Portada\",\"item\":\"https:\/\/portuaria.gob.do\/transparencia\/\"},{\"@type\":\"ListItem\",\"position\":2,\"name\":\"Consulta p\u00fablica\",\"item\":\"https:\/\/portuaria.gob.do\/transparencia\/consultas-publicas\/\"},{\"@type\":\"ListItem\",\"position\":3,\"name\":\"Relaci\u00f3n de consultas p\u00fablicas\",\"item\":\"https:\/\/portuaria.gob.do\/transparencia\/consultas-publicas\/relacion-de-consultas-publicas\/\"},{\"@type\":\"ListItem\",\"position\":4,\"name\":\"2022\"}]},{\"@type\":\"WebSite\",\"@id\":\"https:\/\/portuaria.gob.do\/transparencia\/#website\",\"url\":\"https:\/\/portuaria.gob.do\/transparencia\/\",\"name\":\"Transparencia\",\"description\":\"Otro sitio m\u00e1s de Portuaria sitios\",\"potentialAction\":[{\"@type\":\"SearchAction\",\"target\":{\"@type\":\"EntryPoint\",\"urlTemplate\":\"https:\/\/portuaria.gob.do\/transparencia\/?s={search_term_string}\"},\"query-input\":{\"@type\":\"PropertyValueSpecification\",\"valueRequired\":true,\"valueName\":\"search_term_string\"}}],\"inLanguage\":\"es\"}]}<\/script>\n<!-- \/ Yoast SEO plugin. -->","yoast_head_json":{"title":"2022 - Transparencia","robots":{"index":"index","follow":"follow","max-snippet":"max-snippet:-1","max-image-preview":"max-image-preview:large","max-video-preview":"max-video-preview:-1"},"canonical":"https:\/\/portuaria.gob.do\/transparencia\/consultas-publicas\/relacion-de-consultas-publicas\/2022-2\/","og_locale":"es_ES","og_type":"article","og_title":"2022 - Transparencia","og_description":"Durante el mes de Diciembre no se realiz\u00f3 ning\u00fan proceso bajo esta modalidad. Durante el mes de Noviembre no se realiz\u00f3 ning\u00fan proceso bajo esta modalidad. Durante el mes de Octubre no se realiz\u00f3 ning\u00fan proceso bajo esta modalidad. Durante el mes de Septiembre no se realiz\u00f3 ning\u00fan proceso bajo esta modalidad. Durante el mes [&hellip;]","og_url":"https:\/\/portuaria.gob.do\/transparencia\/consultas-publicas\/relacion-de-consultas-publicas\/2022-2\/","og_site_name":"Transparencia","article_modified_time":"2023-05-09T17:52:37+00:00","twitter_card":"summary_large_image","twitter_misc":{"Tiempo de lectura":"1 minuto"},"schema":{"@context":"https:\/\/schema.org","@graph":[{"@type":"WebPage","@id":"https:\/\/portuaria.gob.do\/transparencia\/consultas-publicas\/relacion-de-consultas-publicas\/2022-2\/","url":"https:\/\/portuaria.gob.do\/transparencia\/consultas-publicas\/relacion-de-consultas-publicas\/2022-2\/","name":"2022 - Transparencia","isPartOf":{"@id":"https:\/\/portuaria.gob.do\/transparencia\/#website"},"datePublished":"2022-02-23T18:32:06+00:00","dateModified":"2023-05-09T17:52:37+00:00","breadcrumb":{"@id":"https:\/\/portuaria.gob.do\/transparencia\/consultas-publicas\/relacion-de-consultas-publicas\/2022-2\/#breadcrumb"},"inLanguage":"es","potentialAction":[{"@type":"ReadAction","target":["https:\/\/portuaria.gob.do\/transparencia\/consultas-publicas\/relacion-de-consultas-publicas\/2022-2\/"]}]},{"@type":"BreadcrumbList","@id":"https:\/\/portuaria.gob.do\/transparencia\/consultas-publicas\/relacion-de-consultas-publicas\/2022-2\/#breadcrumb","itemListElement":[{"@type":"ListItem","position":1,"name":"Portada","item":"https:\/\/portuaria.gob.do\/transparencia\/"},{"@type":"ListItem","position":2,"name":"Consulta p\u00fablica","item":"https:\/\/portuaria.gob.do\/transparencia\/consultas-publicas\/"},{"@type":"ListItem","position":3,"name":"Relaci\u00f3n de consultas p\u00fablicas","item":"https:\/\/portuaria.gob.do\/transparencia\/consultas-publicas\/relacion-de-consultas-publicas\/"},{"@type":"ListItem","position":4,"name":"2022"}]},{"@type":"WebSite","@id":"https:\/\/portuaria.gob.do\/transparencia\/#website","url":"https:\/\/portuaria.gob.do\/transparencia\/","name":"Transparencia","description":"Otro sitio m\u00e1s de Portuaria sitios","potentialAction":[{"@type":"SearchAction","target":{"@type":"EntryPoint","urlTemplate":"https:\/\/portuaria.gob.do\/transparencia\/?s={search_term_string}"},"query-input":{"@type":"PropertyValueSpecification","valueRequired":true,"valueName":"search_term_string"}}],"inLanguage":"es"}]}},"_links":{"self":[{"href":"https:\/\/portuaria.gob.do\/transparencia\/wp-json\/wp\/v2\/pages\/3770","targetHints":{"allow":["GET"]}}],"collection":[{"href":"https:\/\/portuaria.gob.do\/transparencia\/wp-json\/wp\/v2\/pages"}],"about":[{"href":"https:\/\/portuaria.gob.do\/transparencia\/wp-json\/wp\/v2\/types\/page"}],"author":[{"embeddable":true,"href":"https:\/\/portuaria.gob.do\/transparencia\/wp-json\/wp\/v2\/users\/17"}],"replies":[{"embeddable":true,"href":"https:\/\/portuaria.gob.do\/transparencia\/wp-json\/wp\/v2\/comments?post=3770"}],"version-history":[{"count":13,"href":"https:\/\/portuaria.gob.do\/transparencia\/wp-json\/wp\/v2\/pages\/3770\/revisions"}],"predecessor-version":[{"id":6975,"href":"https:\/\/portuaria.gob.do\/transparencia\/wp-json\/wp\/v2\/pages\/3770\/revisions\/6975"}],"up":[{"embeddable":true,"href":"https:\/\/portuaria.gob.do\/transparencia\/wp-json\/wp\/v2\/pages\/3042"}],"wp:attachment":[{"href":"https:\/\/portuaria.gob.do\/transparencia\/wp-json\/wp\/v2\/media?parent=3770"}],"curies":[{"name":"wp","href":"https:\/\/api.w.org\/{rel}","templated":true}]}}