{"id":51,"date":"2021-09-06T18:04:42","date_gmt":"2021-09-06T18:04:42","guid":{"rendered":"https:\/\/portuaria.gob.do\/transparenza\/?page_id=51"},"modified":"2025-04-21T20:37:28","modified_gmt":"2025-04-21T20:37:28","slug":"datos-abierto","status":"publish","type":"page","link":"https:\/\/portuaria.gob.do\/transparencia\/datos-abierto\/","title":{"rendered":"Datos abiertos"},"content":{"rendered":"\t\t<div data-elementor-type=\"wp-page\" data-elementor-id=\"51\" class=\"elementor elementor-51\">\n\t\t\t\t\t\t<section class=\"elementor-section elementor-top-section elementor-element elementor-element-6bba851 elementor-section-boxed elementor-section-height-default elementor-section-height-default\" data-id=\"6bba851\" data-element_type=\"section\" data-e-type=\"section\">\n\t\t\t\t\t\t<div class=\"elementor-container elementor-column-gap-default\">\n\t\t\t\t\t<div class=\"elementor-column elementor-col-100 elementor-top-column elementor-element elementor-element-cb47017\" data-id=\"cb47017\" data-element_type=\"column\" data-e-type=\"column\">\n\t\t\t<div class=\"elementor-widget-wrap elementor-element-populated\">\n\t\t\t\t\t\t<div class=\"elementor-element elementor-element-a5c3b60 elementor-widget elementor-widget-heading\" data-id=\"a5c3b60\" data-element_type=\"widget\" data-e-type=\"widget\" data-widget_type=\"heading.default\">\n\t\t\t\t<div class=\"elementor-widget-container\">\n\t\t\t\t\t<h2 class=\"elementor-heading-title elementor-size-default\">PUBLICACI\u00d3N EN PORTAL DE DATOS ABIERTOS<\/h2>\t\t\t\t<\/div>\n\t\t\t\t<\/div>\n\t\t\t\t\t<\/div>\n\t\t<\/div>\n\t\t\t\t\t<\/div>\n\t\t<\/section>\n\t\t\t\t<section class=\"elementor-section elementor-top-section elementor-element elementor-element-0cb7195 elementor-section-full_width elementor-section-height-default elementor-section-height-default\" data-id=\"0cb7195\" data-element_type=\"section\" data-e-type=\"section\">\n\t\t\t\t\t\t<div class=\"elementor-container elementor-column-gap-default\">\n\t\t\t\t\t<div class=\"elementor-column elementor-col-100 elementor-top-column elementor-element elementor-element-cbffb25\" data-id=\"cbffb25\" data-element_type=\"column\" data-e-type=\"column\">\n\t\t\t<div class=\"elementor-widget-wrap elementor-element-populated\">\n\t\t\t\t\t\t<div class=\"elementor-element elementor-element-0f43f79 elementor-widget elementor-widget-image\" data-id=\"0f43f79\" data-element_type=\"widget\" data-e-type=\"widget\" data-widget_type=\"image.default\">\n\t\t\t\t<div class=\"elementor-widget-container\">\n\t\t\t\t\t\t\t\t\t\t\t\t\t\t\t<img fetchpriority=\"high\" decoding=\"async\" width=\"600\" height=\"354\" src=\"\/wp-content\/uploads\/sites\/2\/2021\/09\/datos_portuaria.jpg\" class=\"attachment-large size-large wp-image-1534\" alt=\"\" srcset=\"\/wp-content\/uploads\/sites\/2\/2021\/09\/datos_portuaria.jpg 600w, \/wp-content\/uploads\/sites\/2\/2021\/09\/datos_portuaria-300x177.jpg 300w\" sizes=\"(max-width: 600px) 100vw, 600px\" \/>\t\t\t\t\t\t\t\t\t\t\t\t\t\t\t<\/div>\n\t\t\t\t<\/div>\n\t\t\t\t\t<\/div>\n\t\t<\/div>\n\t\t\t\t\t<\/div>\n\t\t<\/section>\n\t\t\t\t<section class=\"elementor-section elementor-top-section elementor-element elementor-element-1a83729 elementor-section-boxed elementor-section-height-default elementor-section-height-default\" data-id=\"1a83729\" data-element_type=\"section\" data-e-type=\"section\">\n\t\t\t\t\t\t<div class=\"elementor-container elementor-column-gap-default\">\n\t\t\t\t\t<div class=\"elementor-column elementor-col-100 elementor-top-column elementor-element elementor-element-ca329b0\" data-id=\"ca329b0\" data-element_type=\"column\" data-e-type=\"column\">\n\t\t\t<div class=\"elementor-widget-wrap elementor-element-populated\">\n\t\t\t\t\t\t<div class=\"elementor-element elementor-element-9a7ec49 elementor-widget elementor-widget-text-editor\" data-id=\"9a7ec49\" data-element_type=\"widget\" data-e-type=\"widget\" data-widget_type=\"text-editor.default\">\n\t\t\t\t<div class=\"elementor-widget-container\">\n\t\t\t\t\t\t\t\t\t<p><a class=\"ext\" href=\"https:\/\/datos.gob.do\/\" target=\"_blank\" rel=\"nofollow noopener\"><strong style=\"color: #002952;\">Datos.gob.do<\/strong><span class=\"ext\"><span class=\"element-invisible\">\u00a0<\/span><\/span><\/a><br \/><span style=\"color: black;\">es el portal oficial de datos abiertos del gobierno de la Rep\u00fablica Dominicana. En \u00e9l, las organizaciones p\u00fablicas pueden gestionar y publicar sus conjuntos de datos en formatos abiertos.<\/span><\/p><p>Puede acceder al perfil de la Autoridad Portuaria Dominicana a trav\u00e9s de este enlace:<\/p><p><a href=\"https:\/\/datos.gob.do\/search?groups=gestion-publica&amp;organization=autoridad-portuaria-dominicana&amp;skip=0\" target=\"_blank\" rel=\"noopener\"><strong style=\"color: #002952;\">Datos Abiertos<\/strong><\/a><strong style=\"color: #002952;\">Portuaria<\/strong><\/p>\t\t\t\t\t\t\t\t<\/div>\n\t\t\t\t<\/div>\n\t\t\t\t\t<\/div>\n\t\t<\/div>\n\t\t\t\t\t<\/div>\n\t\t<\/section>\n\t\t\t\t<\/div>\n\t\t","protected":false},"excerpt":{"rendered":"<p>PUBLICACI\u00d3N EN PORTAL DE DATOS ABIERTOS Datos.gob.do\u00a0es el portal oficial de datos abiertos del gobierno de la Rep\u00fablica Dominicana. En \u00e9l, las organizaciones p\u00fablicas pueden gestionar y publicar sus conjuntos de datos en formatos abiertos. Puede acceder al perfil de la Autoridad Portuaria Dominicana a trav\u00e9s de este enlace: Datos AbiertosPortuaria<\/p>\n","protected":false},"author":10,"featured_media":0,"parent":0,"menu_order":0,"comment_status":"closed","ping_status":"closed","template":"","meta":{"_acf_changed":false,"footnotes":""},"class_list":["post-51","page","type-page","status-publish","hentry"],"acf":[],"yoast_head":"<!-- This site is optimized with the Yoast SEO plugin v26.9 - https:\/\/yoast.com\/product\/yoast-seo-wordpress\/ -->\n<title>Datos abiertos - Transparencia<\/title>\n<meta name=\"robots\" content=\"index, follow, max-snippet:-1, max-image-preview:large, max-video-preview:-1\" \/>\n<link rel=\"canonical\" href=\"https:\/\/portuaria.gob.do\/transparencia\/datos-abierto\/\" \/>\n<meta property=\"og:locale\" content=\"es_ES\" \/>\n<meta property=\"og:type\" content=\"article\" \/>\n<meta property=\"og:title\" content=\"Datos abiertos - Transparencia\" \/>\n<meta property=\"og:description\" content=\"PUBLICACI\u00d3N EN PORTAL DE DATOS ABIERTOS Datos.gob.do\u00a0es el portal oficial de datos abiertos del gobierno de la Rep\u00fablica Dominicana. En \u00e9l, las organizaciones p\u00fablicas pueden gestionar y publicar sus conjuntos de datos en formatos abiertos. Puede acceder al perfil de la Autoridad Portuaria Dominicana a trav\u00e9s de este enlace: Datos AbiertosPortuaria\" \/>\n<meta property=\"og:url\" content=\"https:\/\/portuaria.gob.do\/transparencia\/datos-abierto\/\" \/>\n<meta property=\"og:site_name\" content=\"Transparencia\" \/>\n<meta property=\"article:modified_time\" content=\"2025-04-21T20:37:28+00:00\" \/>\n<meta name=\"twitter:card\" content=\"summary_large_image\" \/>\n<script type=\"application\/ld+json\" class=\"yoast-schema-graph\">{\"@context\":\"https:\/\/schema.org\",\"@graph\":[{\"@type\":\"WebPage\",\"@id\":\"https:\/\/portuaria.gob.do\/transparencia\/datos-abierto\/\",\"url\":\"https:\/\/portuaria.gob.do\/transparencia\/datos-abierto\/\",\"name\":\"Datos abiertos - Transparencia\",\"isPartOf\":{\"@id\":\"https:\/\/portuaria.gob.do\/transparencia\/#website\"},\"datePublished\":\"2021-09-06T18:04:42+00:00\",\"dateModified\":\"2025-04-21T20:37:28+00:00\",\"breadcrumb\":{\"@id\":\"https:\/\/portuaria.gob.do\/transparencia\/datos-abierto\/#breadcrumb\"},\"inLanguage\":\"es\",\"potentialAction\":[{\"@type\":\"ReadAction\",\"target\":[\"https:\/\/portuaria.gob.do\/transparencia\/datos-abierto\/\"]}]},{\"@type\":\"BreadcrumbList\",\"@id\":\"https:\/\/portuaria.gob.do\/transparencia\/datos-abierto\/#breadcrumb\",\"itemListElement\":[{\"@type\":\"ListItem\",\"position\":1,\"name\":\"Portada\",\"item\":\"https:\/\/portuaria.gob.do\/transparencia\/\"},{\"@type\":\"ListItem\",\"position\":2,\"name\":\"Datos abiertos\"}]},{\"@type\":\"WebSite\",\"@id\":\"https:\/\/portuaria.gob.do\/transparencia\/#website\",\"url\":\"https:\/\/portuaria.gob.do\/transparencia\/\",\"name\":\"Transparencia\",\"description\":\"Otro sitio m\u00e1s de Portuaria sitios\",\"potentialAction\":[{\"@type\":\"SearchAction\",\"target\":{\"@type\":\"EntryPoint\",\"urlTemplate\":\"https:\/\/portuaria.gob.do\/transparencia\/?s={search_term_string}\"},\"query-input\":{\"@type\":\"PropertyValueSpecification\",\"valueRequired\":true,\"valueName\":\"search_term_string\"}}],\"inLanguage\":\"es\"}]}<\/script>\n<!-- \/ Yoast SEO plugin. -->","yoast_head_json":{"title":"Datos abiertos - Transparencia","robots":{"index":"index","follow":"follow","max-snippet":"max-snippet:-1","max-image-preview":"max-image-preview:large","max-video-preview":"max-video-preview:-1"},"canonical":"https:\/\/portuaria.gob.do\/transparencia\/datos-abierto\/","og_locale":"es_ES","og_type":"article","og_title":"Datos abiertos - Transparencia","og_description":"PUBLICACI\u00d3N EN PORTAL DE DATOS ABIERTOS Datos.gob.do\u00a0es el portal oficial de datos abiertos del gobierno de la Rep\u00fablica Dominicana. En \u00e9l, las organizaciones p\u00fablicas pueden gestionar y publicar sus conjuntos de datos en formatos abiertos. Puede acceder al perfil de la Autoridad Portuaria Dominicana a trav\u00e9s de este enlace: Datos AbiertosPortuaria","og_url":"https:\/\/portuaria.gob.do\/transparencia\/datos-abierto\/","og_site_name":"Transparencia","article_modified_time":"2025-04-21T20:37:28+00:00","twitter_card":"summary_large_image","schema":{"@context":"https:\/\/schema.org","@graph":[{"@type":"WebPage","@id":"https:\/\/portuaria.gob.do\/transparencia\/datos-abierto\/","url":"https:\/\/portuaria.gob.do\/transparencia\/datos-abierto\/","name":"Datos abiertos - Transparencia","isPartOf":{"@id":"https:\/\/portuaria.gob.do\/transparencia\/#website"},"datePublished":"2021-09-06T18:04:42+00:00","dateModified":"2025-04-21T20:37:28+00:00","breadcrumb":{"@id":"https:\/\/portuaria.gob.do\/transparencia\/datos-abierto\/#breadcrumb"},"inLanguage":"es","potentialAction":[{"@type":"ReadAction","target":["https:\/\/portuaria.gob.do\/transparencia\/datos-abierto\/"]}]},{"@type":"BreadcrumbList","@id":"https:\/\/portuaria.gob.do\/transparencia\/datos-abierto\/#breadcrumb","itemListElement":[{"@type":"ListItem","position":1,"name":"Portada","item":"https:\/\/portuaria.gob.do\/transparencia\/"},{"@type":"ListItem","position":2,"name":"Datos abiertos"}]},{"@type":"WebSite","@id":"https:\/\/portuaria.gob.do\/transparencia\/#website","url":"https:\/\/portuaria.gob.do\/transparencia\/","name":"Transparencia","description":"Otro sitio m\u00e1s de Portuaria sitios","potentialAction":[{"@type":"SearchAction","target":{"@type":"EntryPoint","urlTemplate":"https:\/\/portuaria.gob.do\/transparencia\/?s={search_term_string}"},"query-input":{"@type":"PropertyValueSpecification","valueRequired":true,"valueName":"search_term_string"}}],"inLanguage":"es"}]}},"_links":{"self":[{"href":"https:\/\/portuaria.gob.do\/transparencia\/wp-json\/wp\/v2\/pages\/51","targetHints":{"allow":["GET"]}}],"collection":[{"href":"https:\/\/portuaria.gob.do\/transparencia\/wp-json\/wp\/v2\/pages"}],"about":[{"href":"https:\/\/portuaria.gob.do\/transparencia\/wp-json\/wp\/v2\/types\/page"}],"author":[{"embeddable":true,"href":"https:\/\/portuaria.gob.do\/transparencia\/wp-json\/wp\/v2\/users\/10"}],"replies":[{"embeddable":true,"href":"https:\/\/portuaria.gob.do\/transparencia\/wp-json\/wp\/v2\/comments?post=51"}],"version-history":[{"count":32,"href":"https:\/\/portuaria.gob.do\/transparencia\/wp-json\/wp\/v2\/pages\/51\/revisions"}],"predecessor-version":[{"id":12022,"href":"https:\/\/portuaria.gob.do\/transparencia\/wp-json\/wp\/v2\/pages\/51\/revisions\/12022"}],"wp:attachment":[{"href":"https:\/\/portuaria.gob.do\/transparencia\/wp-json\/wp\/v2\/media?parent=51"}],"curies":[{"name":"wp","href":"https:\/\/api.w.org\/{rel}","templated":true}]}}